{"id":101,"date":"2024-05-15T00:01:11","date_gmt":"2024-05-14T22:01:11","guid":{"rendered":"https:\/\/www.ancgg.org\/ad26\/?page_id=101"},"modified":"2024-12-23T20:12:43","modified_gmt":"2024-12-23T19:12:43","slug":"lettres-dinformation","status":"publish","type":"page","link":"https:\/\/www.ancgg.org\/ad26\/lettres-dinformation\/","title":{"rendered":"Lettres d&rsquo;information"},"content":{"rendered":"<div class=\"wpb-content-wrapper\"><p>[vc_row][vc_column][vc_single_image image=\u00a0\u00bb785&Prime; img_size=\u00a0\u00bbfull\u00a0\u00bb alignment=\u00a0\u00bbcenter\u00a0\u00bb onclick=\u00a0\u00bbzoom\u00a0\u00bb css=\u00a0\u00bb.vc_custom_1734981129868{background-color: #ededad !important;border-color: #dd3333 !important;}\u00a0\u00bb][\/vc_column][\/vc_row][vc_row][vc_column][vc_single_image image=\u00a0\u00bb838&Prime; img_size=\u00a0\u00bbfull\u00a0\u00bb alignment=\u00a0\u00bbcenter\u00a0\u00bb css=\u00a0\u00bb\u00a0\u00bb][vc_single_image image=\u00a0\u00bb839&Prime; img_size=\u00a0\u00bbfull\u00a0\u00bb alignment=\u00a0\u00bbcenter\u00a0\u00bb css=\u00a0\u00bb\u00a0\u00bb][vc_single_image image=\u00a0\u00bb840&Prime; img_size=\u00a0\u00bbfull\u00a0\u00bb alignment=\u00a0\u00bbcenter\u00a0\u00bb css=\u00a0\u00bb\u00a0\u00bb][vc_single_image image=\u00a0\u00bb841&Prime; img_size=\u00a0\u00bbfull\u00a0\u00bb alignment=\u00a0\u00bbcenter\u00a0\u00bb css=\u00a0\u00bb\u00a0\u00bb][vc_single_image image=\u00a0\u00bb842&Prime; img_size=\u00a0\u00bbfull\u00a0\u00bb alignment=\u00a0\u00bbcenter\u00a0\u00bb css=\u00a0\u00bb\u00a0\u00bb][vc_single_image image=\u00a0\u00bb843&Prime; img_size=\u00a0\u00bbfull\u00a0\u00bb alignment=\u00a0\u00bbcenter\u00a0\u00bb css=\u00a0\u00bb\u00a0\u00bb][vc_single_image image=\u00a0\u00bb844&Prime; img_size=\u00a0\u00bbfull\u00a0\u00bb alignment=\u00a0\u00bbcenter\u00a0\u00bb css=\u00a0\u00bb\u00a0\u00bb][vc_single_image image=\u00a0\u00bb845&Prime; img_size=\u00a0\u00bbfull\u00a0\u00bb alignment=\u00a0\u00bbcenter\u00a0\u00bb css=\u00a0\u00bb\u00a0\u00bb][vc_single_image image=\u00a0\u00bb846&Prime; img_size=\u00a0\u00bbfull\u00a0\u00bb alignment=\u00a0\u00bbcenter\u00a0\u00bb css=\u00a0\u00bb\u00a0\u00bb][\/vc_column][\/vc_row][vc_row][vc_column width=\u00a0\u00bb1\/4&Prime;][vc_column_text]<\/p>\n<h1 style=\"text-align: center\"><strong>Lettre 2020 :<\/strong><\/h1>\n<p>.Modulateur de son<\/p>\n<p>.\u00c9volution de la venaison etc..<\/p>\n<p>&nbsp;<\/p>\n<p><a class=\"btn-style-1 btn-with-pdf\" href=\"https:\/\/www.ancgg.org\/ad26\/wp-content\/uploads\/sites\/31\/2022\/02\/L52-2020.pdf\" target=\"_blank\" rel=\"noopener\">T\u00c9L\u00c9CHARGER<\/a><\/p>\n<div id=\"sconnect-is-installed\"><\/div>\n<div id=\"sconnect-is-installed\"><\/div>\n<div id=\"sconnect-is-installed\"><\/div>\n<p>[\/vc_column_text][\/vc_column][vc_column width=\u00a0\u00bb1\/4&Prime;][vc_column_text]<\/p>\n<h1><strong>Lettre\u00a0 2019:<\/strong><\/h1>\n<p>.Localisation des chiens<\/p>\n<p>.Hure de sanglier..etc..<\/p>\n<p>&nbsp;<\/p>\n<p><a class=\"btn-style-1 btn-with-pdf\" href=\"https:\/\/www.ancgg.org\/ad26\/wp-content\/uploads\/sites\/31\/2022\/02\/L51.pdf\" target=\"_blank\" rel=\"noopener\">T\u00c9L\u00c9CHARGER<\/a><\/p>\n<div id=\"sconnect-is-installed\"><\/div>\n<div id=\"sconnect-is-installed\"><\/div>\n<div id=\"sconnect-is-installed\"><\/div>\n<p>[\/vc_column_text][\/vc_column][vc_column width=\u00a0\u00bb1\/4&Prime;][vc_column_text]<\/p>\n<h1><strong>Lettre 2018:<\/strong><\/h1>\n<p>.Haro sur le 30-06<\/p>\n<p>.MOA qu&rsquo;est ce?<\/p>\n<p>&nbsp;<\/p>\n<div id=\"sconnect-is-installed\"><a class=\"btn-style-1 btn-with-pdf\" href=\"https:\/\/www.ancgg.org\/ad26\/wp-content\/uploads\/sites\/31\/2022\/02\/L50.pdf\" target=\"_blank\" rel=\"noopener\">T\u00c9L\u00c9CHARGER<\/a><\/div>\n<div id=\"sconnect-is-installed\"><\/div>\n<div id=\"sconnect-is-installed\"><\/div>\n<div id=\"sconnect-is-installed\"><\/div>\n<p>[\/vc_column_text][\/vc_column][vc_column width=\u00a0\u00bb1\/4&Prime;][vc_column_text]<strong>Lettre 2017:<\/strong><\/p>\n<p>.Tirs de chasse efficaces<\/p>\n<p>.La LOUVETERIE..\u00a0 etc..<\/p>\n<p>&nbsp;<\/p>\n<p><a class=\"btn-style-1 btn-with-pdf\" href=\"https:\/\/www.ancgg.org\/ad26\/wp-content\/uploads\/sites\/31\/2022\/02\/L49.pdf\" target=\"_blank\" rel=\"noopener\">T\u00c9L\u00c9CHARGER<\/a><\/p>\n<div id=\"sconnect-is-installed\"><\/div>\n<div id=\"sconnect-is-installed\"><\/div>\n<p>[\/vc_column_text][\/vc_column][\/vc_row][vc_row][vc_column width=\u00a0\u00bb1\/4&Prime;][vc_column_text]<strong>Lettre 2016:<\/strong><\/p>\n<p>.Walter ARLAUD peintre animalier<\/p>\n<p>.Ronds de filets de chevreuil Rossini..etc..<\/p>\n<p>&nbsp;<\/p>\n<p><a class=\"btn-style-1 btn-with-pdf\" href=\"https:\/\/www.ancgg.org\/ad26\/wp-content\/uploads\/sites\/31\/2022\/02\/AdcggLettre48.pdf\" target=\"_blank\" rel=\"noopener\">T\u00c9L\u00c9CHARGER<\/a><\/p>\n<div id=\"sconnect-is-installed\"><\/div>\n<div id=\"sconnect-is-installed\"><\/div>\n<p>[\/vc_column_text][\/vc_column][vc_column width=\u00a0\u00bb1\/4&Prime;][vc_column_text]<strong>Lettre 2015:<\/strong><\/p>\n<p>.Maladie de Schmallenberg<\/p>\n<p>.Cotateur AFMT<\/p>\n<p>&nbsp;<\/p>\n<p><a class=\"btn-style-1 btn-with-pdf\" href=\"https:\/\/www.ancgg.org\/ad26\/wp-content\/uploads\/sites\/31\/2022\/02\/L47moyen.pdf\" target=\"_blank\" rel=\"noopener\">T\u00c9L\u00c9CHARGER<\/a><\/p>\n<div id=\"sconnect-is-installed\"><\/div>\n<div id=\"sconnect-is-installed\"><\/div>\n<p>[\/vc_column_text][\/vc_column][vc_column width=\u00a0\u00bb1\/4&Prime;][vc_column_text]<strong>Lettre octobre 2014:<\/strong><\/p>\n<p>.ONCFS &#8211; fonctions-<\/p>\n<p>.Visite de M.G\u00e9rard BEDARIDA&#8230;etc&#8230;<\/p>\n<p>&nbsp;<\/p>\n<p><a class=\"btn-style-1 btn-with-pdf\" href=\"https:\/\/www.ancgg.org\/ad26\/wp-content\/uploads\/sites\/31\/2022\/02\/L46.pdf\" target=\"_blank\" rel=\"noopener\">T\u00c9L\u00c9CHARGER<\/a><\/p>\n<div id=\"sconnect-is-installed\"><\/div>\n<div id=\"sconnect-is-installed\"><\/div>\n<p>[\/vc_column_text][\/vc_column][vc_column width=\u00a0\u00bb1\/4&Prime;][vc_column_text]<strong>Lettre 2014<\/strong><\/p>\n<p>Sanglier en ard\u00e8che<\/p>\n<p>BGG \u00e0 la MFR<\/p>\n<p>&nbsp;<\/p>\n<div id=\"sconnect-is-installed\"><a class=\"btn-style-1 btn-with-pdf\" href=\"https:\/\/www.ancgg.org\/ad26\/wp-content\/uploads\/sites\/31\/2022\/02\/L45normal.pdf\" target=\"_blank\" rel=\"noopener\">T\u00c9L\u00c9CHARGER<\/a><\/div>\n<div id=\"sconnect-is-installed\"><\/div>\n<p>[\/vc_column_text][\/vc_column][\/vc_row][vc_row][vc_column width=\u00a0\u00bb1\/4&Prime;][vc_column_text]<strong>Lettre juillet 2013:<\/strong><\/p>\n<p>recherche au sang<\/p>\n<p>sur piste artificielle<\/p>\n<p>&nbsp;<\/p>\n<p><a class=\"btn-style-1 btn-with-pdf\" href=\"https:\/\/www.ancgg.org\/ad26\/wp-content\/uploads\/sites\/31\/2022\/02\/L44.pdf\" target=\"_blank\" rel=\"noopener\">T\u00c9L\u00c9CHARGER<\/a><\/p>\n<div id=\"sconnect-is-installed\"><\/div>\n<div id=\"sconnect-is-installed\"><\/div>\n<div id=\"sconnect-is-installed\"><\/div>\n<p>[\/vc_column_text][\/vc_column][vc_column width=\u00a0\u00bb1\/4&Prime;][vc_column_text]<strong>Lettre 2013:<\/strong><\/p>\n<p>ICE<\/p>\n<p>Sant\u00e9 du chasseur<\/p>\n<p>&nbsp;<\/p>\n<p><a class=\"btn-style-1 btn-with-pdf\" href=\"https:\/\/www.ancgg.org\/ad26\/wp-content\/uploads\/sites\/31\/2022\/02\/Lettre43.pdf\" target=\"_blank\" rel=\"noopener\">T\u00c9L\u00c9CHARGER<\/a><\/p>\n<div id=\"sconnect-is-installed\"><\/div>\n<div id=\"sconnect-is-installed\"><\/div>\n<div id=\"sconnect-is-installed\"><\/div>\n<p>[\/vc_column_text][\/vc_column][vc_column width=\u00a0\u00bb1\/4&Prime;][vc_column_text]<strong>Lettre septembre 2012:<\/strong><\/p>\n<p>Trichinose<\/p>\n<p>le chien, le lapin, le chasseur<\/p>\n<p>&nbsp;<\/p>\n<p><a class=\"btn-style-1 btn-with-pdf\" href=\"https:\/\/www.ancgg.org\/ad26\/wp-content\/uploads\/sites\/31\/2022\/02\/LETTRE42.pdf\" target=\"_blank\" rel=\"noopener\">T\u00c9L\u00c9CHARGER<\/a><\/p>\n<div id=\"sconnect-is-installed\"><\/div>\n<div id=\"sconnect-is-installed\"><\/div>\n<div id=\"sconnect-is-installed\"><\/div>\n<p>[\/vc_column_text][\/vc_column][vc_column width=\u00a0\u00bb1\/4&Prime;][vc_column_text]<strong>Lettre 2012:<\/strong><\/p>\n<p>mieux analyser les tableaux de chasse<\/p>\n<p>&nbsp;<\/p>\n<p><a class=\"btn-style-1 btn-with-pdf\" href=\"https:\/\/www.ancgg.org\/ad26\/wp-content\/uploads\/sites\/31\/2022\/02\/L41.pdf\" target=\"_blank\" rel=\"noopener\">T\u00c9L\u00c9CHARGER<\/a><\/p>\n<div id=\"sconnect-is-installed\"><\/div>\n<div id=\"sconnect-is-installed\"><\/div>\n<p>[\/vc_column_text][\/vc_column][\/vc_row][vc_row][vc_column][vc_column_text]<\/p>\n<div id=\"sconnect-is-installed\"><\/div>\n<p>[\/vc_column_text][\/vc_column][\/vc_row][vc_row][vc_column][vc_column_text]<\/p>\n<div id=\"sconnect-is-installed\"><\/div>\n<p>[\/vc_column_text][\/vc_column][\/vc_row][vc_row][vc_column][vc_column_text]<\/p>\n<div id=\"sconnect-is-installed\"><\/div>\n<p>[\/vc_column_text][\/vc_column][\/vc_row][vc_row][vc_column][vc_column_text]<\/p>\n<div id=\"sconnect-is-installed\"><\/div>\n<p>[\/vc_column_text][\/vc_column][\/vc_row][vc_row][vc_column][vc_column_text]<\/p>\n<div id=\"sconnect-is-installed\"><\/div>\n<p>[\/vc_column_text][\/vc_column][\/vc_row][vc_row][vc_column][vc_column_text]<\/p>\n<div id=\"sconnect-is-installed\"><\/div>\n<p>[\/vc_column_text][\/vc_column][\/vc_row][vc_row][vc_column][vc_column_text]<\/p>\n<div id=\"sconnect-is-installed\"><\/div>\n<p>[\/vc_column_text][\/vc_column][\/vc_row][vc_row][vc_column][vc_column_text]<\/p>\n<div id=\"sconnect-is-installed\"><\/div>\n<p>[\/vc_column_text][\/vc_column][\/vc_row][vc_row][vc_column][vc_column_text]<\/p>\n<div id=\"sconnect-is-installed\"><\/div>\n<p>[\/vc_column_text][\/vc_column][\/vc_row][vc_row][vc_column][vc_column_text]<\/p>\n<div id=\"sconnect-is-installed\"><\/div>\n<p>[\/vc_column_text][\/vc_column][\/vc_row][vc_row][vc_column][vc_column_text]<\/p>\n<div id=\"sconnect-is-installed\"><\/div>\n<p>[\/vc_column_text][\/vc_column][\/vc_row][vc_row][vc_column][vc_column_text]<\/p>\n<div id=\"sconnect-is-installed\"><\/div>\n<div id=\"sconnect-is-installed\"><\/div>\n<p>[\/vc_column_text][\/vc_column][\/vc_row][vc_row][vc_column][vc_column_text]<\/p>\n<div id=\"sconnect-is-installed\"><\/div>\n<p>[\/vc_column_text][\/vc_column][\/vc_row]<\/p>\n<\/div>","protected":false},"excerpt":{"rendered":"<p>[vc_row][vc_column][vc_single_image image=\u00a0\u00bb785&Prime; img_size=\u00a0\u00bbfull\u00a0\u00bb alignment=\u00a0\u00bbcenter\u00a0\u00bb onclick=\u00a0\u00bbzoom\u00a0\u00bb css=\u00a0\u00bb.vc_custom_1734981129868{background-color: #ededad !important;border-color: #dd3333 !important;}\u00a0\u00bb][\/vc_column][\/vc_row][vc_row][vc_column][vc_single_image image=\u00a0\u00bb838&Prime; img_size=\u00a0\u00bbfull\u00a0\u00bb alignment=\u00a0\u00bbcenter\u00a0\u00bb css=\u00a0\u00bb\u00a0\u00bb][vc_single_image image=\u00a0\u00bb839&Prime; img_size=\u00a0\u00bbfull\u00a0\u00bb alignment=\u00a0\u00bbcenter\u00a0\u00bb css=\u00a0\u00bb\u00a0\u00bb][vc_single_image image=\u00a0\u00bb840&Prime; img_size=\u00a0\u00bbfull\u00a0\u00bb alignment=\u00a0\u00bbcenter\u00a0\u00bb css=\u00a0\u00bb\u00a0\u00bb][vc_single_image image=\u00a0\u00bb841&Prime; img_size=\u00a0\u00bbfull\u00a0\u00bb alignment=\u00a0\u00bbcenter\u00a0\u00bb css=\u00a0\u00bb\u00a0\u00bb][vc_single_image image=\u00a0\u00bb842&Prime; img_size=\u00a0\u00bbfull\u00a0\u00bb alignment=\u00a0\u00bbcenter\u00a0\u00bb css=\u00a0\u00bb\u00a0\u00bb][vc_single_image image=\u00a0\u00bb843&Prime; img_size=\u00a0\u00bbfull\u00a0\u00bb alignment=\u00a0\u00bbcenter\u00a0\u00bb css=\u00a0\u00bb\u00a0\u00bb][vc_single_image image=\u00a0\u00bb844&Prime; img_size=\u00a0\u00bbfull\u00a0\u00bb alignment=\u00a0\u00bbcenter\u00a0\u00bb css=\u00a0\u00bb\u00a0\u00bb][vc_single_image image=\u00a0\u00bb845&Prime; img_size=\u00a0\u00bbfull\u00a0\u00bb alignment=\u00a0\u00bbcenter\u00a0\u00bb css=\u00a0\u00bb\u00a0\u00bb][vc_single_image image=\u00a0\u00bb846&Prime; img_size=\u00a0\u00bbfull\u00a0\u00bb alignment=\u00a0\u00bbcenter\u00a0\u00bb css=\u00a0\u00bb\u00a0\u00bb][\/vc_column][\/vc_row][vc_row][vc_column width=\u00a0\u00bb1\/4&Prime;][vc_column_text] Lettre 2020 : .Modulateur de son .\u00c9volution de [&hellip;]<\/p>\n","protected":false},"author":768,"featured_media":0,"parent":0,"menu_order":2,"comment_status":"closed","ping_status":"closed","template":"","meta":{"_acf_changed":false,"footnotes":""},"class_list":["post-101","page","type-page","status-publish","hentry"],"acf":[],"yoast_head":"<!-- This site is optimized with the Yoast SEO plugin v27.4 - https:\/\/yoast.com\/product\/yoast-seo-wordpress\/ -->\n<title>Lettres d&#039;information - Association D\u00e9partementale des Chasseurs de Grand Gibier de la Dr\u00f4me<\/title>\n<meta name=\"robots\" content=\"noindex, follow, max-snippet:-1, max-image-preview:large, max-video-preview:-1\" \/>\n<meta property=\"og:locale\" content=\"fr_FR\" \/>\n<meta property=\"og:type\" content=\"article\" \/>\n<meta property=\"og:title\" content=\"Lettres d&#039;information - Association D\u00e9partementale des Chasseurs de Grand Gibier de la Dr\u00f4me\" \/>\n<meta property=\"og:description\" content=\"[vc_row][vc_column][vc_single_image image=\u00a0\u00bb785&Prime; img_size=\u00a0\u00bbfull\u00a0\u00bb alignment=\u00a0\u00bbcenter\u00a0\u00bb onclick=\u00a0\u00bbzoom\u00a0\u00bb css=\u00a0\u00bb.vc_custom_1734981129868{background-color: #ededad !important;border-color: #dd3333 !important;}\u00a0\u00bb][\/vc_column][\/vc_row][vc_row][vc_column][vc_single_image image=\u00a0\u00bb838&Prime; img_size=\u00a0\u00bbfull\u00a0\u00bb alignment=\u00a0\u00bbcenter\u00a0\u00bb css=\u00a0\u00bb\u00a0\u00bb][vc_single_image image=\u00a0\u00bb839&Prime; img_size=\u00a0\u00bbfull\u00a0\u00bb alignment=\u00a0\u00bbcenter\u00a0\u00bb css=\u00a0\u00bb\u00a0\u00bb][vc_single_image image=\u00a0\u00bb840&Prime; img_size=\u00a0\u00bbfull\u00a0\u00bb alignment=\u00a0\u00bbcenter\u00a0\u00bb css=\u00a0\u00bb\u00a0\u00bb][vc_single_image image=\u00a0\u00bb841&Prime; img_size=\u00a0\u00bbfull\u00a0\u00bb alignment=\u00a0\u00bbcenter\u00a0\u00bb css=\u00a0\u00bb\u00a0\u00bb][vc_single_image image=\u00a0\u00bb842&Prime; img_size=\u00a0\u00bbfull\u00a0\u00bb alignment=\u00a0\u00bbcenter\u00a0\u00bb css=\u00a0\u00bb\u00a0\u00bb][vc_single_image image=\u00a0\u00bb843&Prime; img_size=\u00a0\u00bbfull\u00a0\u00bb alignment=\u00a0\u00bbcenter\u00a0\u00bb css=\u00a0\u00bb\u00a0\u00bb][vc_single_image image=\u00a0\u00bb844&Prime; img_size=\u00a0\u00bbfull\u00a0\u00bb alignment=\u00a0\u00bbcenter\u00a0\u00bb css=\u00a0\u00bb\u00a0\u00bb][vc_single_image image=\u00a0\u00bb845&Prime; img_size=\u00a0\u00bbfull\u00a0\u00bb alignment=\u00a0\u00bbcenter\u00a0\u00bb css=\u00a0\u00bb\u00a0\u00bb][vc_single_image image=\u00a0\u00bb846&Prime; img_size=\u00a0\u00bbfull\u00a0\u00bb alignment=\u00a0\u00bbcenter\u00a0\u00bb css=\u00a0\u00bb\u00a0\u00bb][\/vc_column][\/vc_row][vc_row][vc_column width=\u00a0\u00bb1\/4&Prime;][vc_column_text] Lettre 2020 : .Modulateur de son .\u00c9volution de [&hellip;]\" \/>\n<meta property=\"og:url\" content=\"https:\/\/www.ancgg.org\/ad26\/lettres-dinformation\/\" \/>\n<meta property=\"og:site_name\" content=\"Association D\u00e9partementale des Chasseurs de Grand Gibier de la Dr\u00f4me\" \/>\n<meta property=\"article:modified_time\" content=\"2024-12-23T19:12:43+00:00\" \/>\n<meta name=\"twitter:card\" content=\"summary_large_image\" \/>\n<meta name=\"twitter:label1\" content=\"Dur\u00e9e de lecture estim\u00e9e\" \/>\n\t<meta name=\"twitter:data1\" content=\"2 minutes\" \/>\n<script type=\"application\/ld+json\" class=\"yoast-schema-graph\">{\"@context\":\"https:\\\/\\\/schema.org\",\"@graph\":[{\"@type\":\"WebPage\",\"@id\":\"https:\\\/\\\/www.ancgg.org\\\/ad26\\\/lettres-dinformation\\\/\",\"url\":\"https:\\\/\\\/www.ancgg.org\\\/ad26\\\/lettres-dinformation\\\/\",\"name\":\"Lettres d'information - Association D\u00e9partementale des Chasseurs de Grand Gibier de la Dr\u00f4me\",\"isPartOf\":{\"@id\":\"https:\\\/\\\/www.ancgg.org\\\/ad26\\\/#website\"},\"datePublished\":\"2024-05-14T22:01:11+00:00\",\"dateModified\":\"2024-12-23T19:12:43+00:00\",\"breadcrumb\":{\"@id\":\"https:\\\/\\\/www.ancgg.org\\\/ad26\\\/lettres-dinformation\\\/#breadcrumb\"},\"inLanguage\":\"fr-FR\",\"potentialAction\":[{\"@type\":\"ReadAction\",\"target\":[\"https:\\\/\\\/www.ancgg.org\\\/ad26\\\/lettres-dinformation\\\/\"]}]},{\"@type\":\"BreadcrumbList\",\"@id\":\"https:\\\/\\\/www.ancgg.org\\\/ad26\\\/lettres-dinformation\\\/#breadcrumb\",\"itemListElement\":[{\"@type\":\"ListItem\",\"position\":1,\"name\":\"Accueil\",\"item\":\"https:\\\/\\\/www.ancgg.org\\\/ad26\\\/\"},{\"@type\":\"ListItem\",\"position\":2,\"name\":\"Lettres d&rsquo;information\"}]},{\"@type\":\"WebSite\",\"@id\":\"https:\\\/\\\/www.ancgg.org\\\/ad26\\\/#website\",\"url\":\"https:\\\/\\\/www.ancgg.org\\\/ad26\\\/\",\"name\":\"Association D\u00e9partementale des Chasseurs de Grand Gibier de la Dr\u00f4me\",\"description\":\"\",\"potentialAction\":[{\"@type\":\"SearchAction\",\"target\":{\"@type\":\"EntryPoint\",\"urlTemplate\":\"https:\\\/\\\/www.ancgg.org\\\/ad26\\\/?s={search_term_string}\"},\"query-input\":{\"@type\":\"PropertyValueSpecification\",\"valueRequired\":true,\"valueName\":\"search_term_string\"}}],\"inLanguage\":\"fr-FR\"}]}<\/script>\n<!-- \/ Yoast SEO plugin. -->","yoast_head_json":{"title":"Lettres d'information - Association D\u00e9partementale des Chasseurs de Grand Gibier de la Dr\u00f4me","robots":{"index":"noindex","follow":"follow","max-snippet":"max-snippet:-1","max-image-preview":"max-image-preview:large","max-video-preview":"max-video-preview:-1"},"og_locale":"fr_FR","og_type":"article","og_title":"Lettres d'information - Association D\u00e9partementale des Chasseurs de Grand Gibier de la Dr\u00f4me","og_description":"[vc_row][vc_column][vc_single_image image=\u00a0\u00bb785&Prime; img_size=\u00a0\u00bbfull\u00a0\u00bb alignment=\u00a0\u00bbcenter\u00a0\u00bb onclick=\u00a0\u00bbzoom\u00a0\u00bb css=\u00a0\u00bb.vc_custom_1734981129868{background-color: #ededad !important;border-color: #dd3333 !important;}\u00a0\u00bb][\/vc_column][\/vc_row][vc_row][vc_column][vc_single_image image=\u00a0\u00bb838&Prime; img_size=\u00a0\u00bbfull\u00a0\u00bb alignment=\u00a0\u00bbcenter\u00a0\u00bb css=\u00a0\u00bb\u00a0\u00bb][vc_single_image image=\u00a0\u00bb839&Prime; img_size=\u00a0\u00bbfull\u00a0\u00bb alignment=\u00a0\u00bbcenter\u00a0\u00bb css=\u00a0\u00bb\u00a0\u00bb][vc_single_image image=\u00a0\u00bb840&Prime; img_size=\u00a0\u00bbfull\u00a0\u00bb alignment=\u00a0\u00bbcenter\u00a0\u00bb css=\u00a0\u00bb\u00a0\u00bb][vc_single_image image=\u00a0\u00bb841&Prime; img_size=\u00a0\u00bbfull\u00a0\u00bb alignment=\u00a0\u00bbcenter\u00a0\u00bb css=\u00a0\u00bb\u00a0\u00bb][vc_single_image image=\u00a0\u00bb842&Prime; img_size=\u00a0\u00bbfull\u00a0\u00bb alignment=\u00a0\u00bbcenter\u00a0\u00bb css=\u00a0\u00bb\u00a0\u00bb][vc_single_image image=\u00a0\u00bb843&Prime; img_size=\u00a0\u00bbfull\u00a0\u00bb alignment=\u00a0\u00bbcenter\u00a0\u00bb css=\u00a0\u00bb\u00a0\u00bb][vc_single_image image=\u00a0\u00bb844&Prime; img_size=\u00a0\u00bbfull\u00a0\u00bb alignment=\u00a0\u00bbcenter\u00a0\u00bb css=\u00a0\u00bb\u00a0\u00bb][vc_single_image image=\u00a0\u00bb845&Prime; img_size=\u00a0\u00bbfull\u00a0\u00bb alignment=\u00a0\u00bbcenter\u00a0\u00bb css=\u00a0\u00bb\u00a0\u00bb][vc_single_image image=\u00a0\u00bb846&Prime; img_size=\u00a0\u00bbfull\u00a0\u00bb alignment=\u00a0\u00bbcenter\u00a0\u00bb css=\u00a0\u00bb\u00a0\u00bb][\/vc_column][\/vc_row][vc_row][vc_column width=\u00a0\u00bb1\/4&Prime;][vc_column_text] Lettre 2020 : .Modulateur de son .\u00c9volution de [&hellip;]","og_url":"https:\/\/www.ancgg.org\/ad26\/lettres-dinformation\/","og_site_name":"Association D\u00e9partementale des Chasseurs de Grand Gibier de la Dr\u00f4me","article_modified_time":"2024-12-23T19:12:43+00:00","twitter_card":"summary_large_image","twitter_misc":{"Dur\u00e9e de lecture estim\u00e9e":"2 minutes"},"schema":{"@context":"https:\/\/schema.org","@graph":[{"@type":"WebPage","@id":"https:\/\/www.ancgg.org\/ad26\/lettres-dinformation\/","url":"https:\/\/www.ancgg.org\/ad26\/lettres-dinformation\/","name":"Lettres d'information - Association D\u00e9partementale des Chasseurs de Grand Gibier de la Dr\u00f4me","isPartOf":{"@id":"https:\/\/www.ancgg.org\/ad26\/#website"},"datePublished":"2024-05-14T22:01:11+00:00","dateModified":"2024-12-23T19:12:43+00:00","breadcrumb":{"@id":"https:\/\/www.ancgg.org\/ad26\/lettres-dinformation\/#breadcrumb"},"inLanguage":"fr-FR","potentialAction":[{"@type":"ReadAction","target":["https:\/\/www.ancgg.org\/ad26\/lettres-dinformation\/"]}]},{"@type":"BreadcrumbList","@id":"https:\/\/www.ancgg.org\/ad26\/lettres-dinformation\/#breadcrumb","itemListElement":[{"@type":"ListItem","position":1,"name":"Accueil","item":"https:\/\/www.ancgg.org\/ad26\/"},{"@type":"ListItem","position":2,"name":"Lettres d&rsquo;information"}]},{"@type":"WebSite","@id":"https:\/\/www.ancgg.org\/ad26\/#website","url":"https:\/\/www.ancgg.org\/ad26\/","name":"Association D\u00e9partementale des Chasseurs de Grand Gibier de la Dr\u00f4me","description":"","potentialAction":[{"@type":"SearchAction","target":{"@type":"EntryPoint","urlTemplate":"https:\/\/www.ancgg.org\/ad26\/?s={search_term_string}"},"query-input":{"@type":"PropertyValueSpecification","valueRequired":true,"valueName":"search_term_string"}}],"inLanguage":"fr-FR"}]}},"_links":{"self":[{"href":"https:\/\/www.ancgg.org\/ad26\/wp-json\/wp\/v2\/pages\/101","targetHints":{"allow":["GET"]}}],"collection":[{"href":"https:\/\/www.ancgg.org\/ad26\/wp-json\/wp\/v2\/pages"}],"about":[{"href":"https:\/\/www.ancgg.org\/ad26\/wp-json\/wp\/v2\/types\/page"}],"author":[{"embeddable":true,"href":"https:\/\/www.ancgg.org\/ad26\/wp-json\/wp\/v2\/users\/768"}],"replies":[{"embeddable":true,"href":"https:\/\/www.ancgg.org\/ad26\/wp-json\/wp\/v2\/comments?post=101"}],"version-history":[{"count":48,"href":"https:\/\/www.ancgg.org\/ad26\/wp-json\/wp\/v2\/pages\/101\/revisions"}],"predecessor-version":[{"id":894,"href":"https:\/\/www.ancgg.org\/ad26\/wp-json\/wp\/v2\/pages\/101\/revisions\/894"}],"wp:attachment":[{"href":"https:\/\/www.ancgg.org\/ad26\/wp-json\/wp\/v2\/media?parent=101"}],"curies":[{"name":"wp","href":"https:\/\/api.w.org\/{rel}","templated":true}]}}