{"id":1625,"date":"2022-07-04T13:29:57","date_gmt":"2022-07-04T11:29:57","guid":{"rendered":"https:\/\/www.ancgg.org\/ad35\/?page_id=1625"},"modified":"2026-04-02T10:03:32","modified_gmt":"2026-04-02T08:03:32","slug":"activites-de-lassociation-2","status":"publish","type":"page","link":"https:\/\/www.ancgg.org\/ad35\/activites-de-lassociation-2\/","title":{"rendered":"Activit\u00e9s \u00e0 venir"},"content":{"rendered":"<p style=\"text-align: center\"><span style=\"font-size: 24pt\"><strong>Brevet Grand Gibier 2026<\/strong><\/span><\/p>\n<p>&nbsp;<\/p>\n<p>&nbsp;<\/p>\n<p style=\"text-align: center\"><img loading=\"lazy\" decoding=\"async\" class=\"\" src=\"https:\/\/www.ancgg.org\/ad35\/wp-content\/uploads\/sites\/40\/2023\/11\/BGG_Pins-1.jpg\" width=\"510\" height=\"266\" \/><\/p>\n<p style=\"text-align: center\"><strong><span style=\"font-size: 14pt\"><span style=\"font-size: 24pt\">Brevet Grand Gibier en Ille et Vilaine<\/span><\/span><\/strong><\/p>\n<p style=\"text-align: center\">\n<strong><span style=\"font-size: 14pt\">Vous pouvez nous contacter par Mail: adcggiv@yahoo.com ou \u00e0 Eric Coirre 06 35 45 11 31<\/span><\/strong><\/p>\n<p style=\"text-align: center\"><a class=\"btn-style-1 btn-with-pdf\" href=\"https:\/\/www.ancgg.org\/ad35\/wp-content\/uploads\/sites\/40\/2025\/01\/Depliant-Brevet-Grand-Gibier.pdf\">D\u00e9pliant Brevet Grand Gibier<\/a><\/p>\n<p>&nbsp;<\/p>\n<p style=\"text-align: center\"><span style=\"font-size: 12pt\"><a class=\"btn-style-1 btn-with-pdf\" href=\"https:\/\/www.ancgg.org\/ad35\/wp-content\/uploads\/sites\/40\/2026\/02\/Programme-BGG-2026.pdf\">Programme BGG 2026<\/a><\/span><\/p>\n<p>&nbsp;<\/p>\n<hr \/>\n<div>\n<div dir=\"ltr\">\n<div dir=\"ltr\" style=\"text-align: center\"><strong><span style=\"font-size: 24pt\">Formation Chasse Individuelle<\/span><\/strong><\/div>\n<div dir=\"ltr\" style=\"text-align: center\"><strong><span style=\"font-size: 18pt\">Samedi 2 Mai 2026 <\/span><\/strong><\/div>\n<div dir=\"ltr\" style=\"text-align: center\"><span style=\"font-size: 14pt\">Salle des Associations FDC 35 \u00e0 St Symphorien<\/span><\/div>\n<\/div>\n<\/div>\n<div dir=\"ltr\" style=\"text-align: center\">\n<div>\n<div>\n<div dir=\"ltr\"><span style=\"font-family: times new roman, new york, times, serif;font-size: x-large\">Cher(e)s adh\u00e9rent(e)s, Cher(s) ami(s),<br \/>\n<\/span><\/div>\n<div><span style=\"font-family: times new roman, new york, times, serif;font-size: x-large\">\u00a0\u00a0\u00a0\u00a0\u00a0\u00a0\u00a0\u00a0\u00a0\u00a0\u00a0\u00a0\u00a0\u00a0\u00a0\u00a0\u00a0 \u00a0 Veuillez trouver en pi\u00e8ce jointe un courrier d&rsquo;information avec un bulletin d&rsquo;inscription au stage \u00ab\u00a0Chasse Individuelle du Grand Gibier\u00a0\u00bb (aff\u00fbt\/approche), qui se d\u00e9roulera le samedi 2 mai 2026 \u00e0 la F\u00e9d\u00e9ration des Chasseurs d&rsquo;Ille et Vilaine.\u00a0<\/span><\/div>\n<div><span style=\"font-family: times new roman, new york, times, serif;font-size: x-large\"><b>Merci de diffuser cette information \u00e0 vos amis chasseurs !<\/b><\/span><\/div>\n<div><b><span style=\"font-family: times new roman, new york, times, serif;font-size: x-large\"><u>Vu le nombre de places limit\u00e9es, une pr\u00e9-inscription par Mail est n\u00e9cessaire !<\/u><br \/>\n<\/span><\/b><\/div>\n<div dir=\"ltr\">\u00a0 \u00a0 \u00a0 \u00a0 \u00a0 \u00a0 \u00a0 \u00a0 \u00a0 \u00a0J&rsquo;esp\u00e8re que vous ou vos amis pourrez participer \u00e0 cette passionnante journ\u00e9e.<\/div>\n<div dir=\"ltr\"><span style=\"font-family: times new roman, new york, times, serif;font-size: x-large\">\u00a0 \u00a0 \u00a0 \u00a0 \u00a0 Cordialement,<br \/>\n<\/span><\/div>\n<div><span style=\"font-family: times new roman, new york, times, serif;font-size: x-large\">\u00a0 \u00a0 \u00a0 \u00a0 Eric COIRRE<\/span><\/div>\n<\/div>\n<div dir=\"ltr\"><span style=\"font-family: times new roman, new york, times, serif;font-size: x-large\">\u00a0 \u00a0 \u00a0 \u00a0 \u00a0 \u00a0Pr\u00e9sident de l&rsquo;ADCGGIV<\/span><\/div>\n<\/div>\n<div dir=\"ltr\"><span style=\"font-family: times new roman, new york, times, serif;font-size: x-large\">\u00a0 \u00a0 \u00a0 \u00a0 \u00a0 \u00a0T\u00e9l: 06 35 45 11 31<\/span><\/div>\n<\/div>\n<div dir=\"ltr\"><\/div>\n<div dir=\"ltr\"><\/div>\n<div dir=\"ltr\">\n<hr \/>\n<\/div>\n<div dir=\"ltr\"><\/div>\n<div dir=\"ltr\" style=\"text-align: center\"><span style=\"font-size: 14pt\"><a class=\"btn-style-1 btn-with-pdf\" href=\"https:\/\/www.ancgg.org\/ad35\/wp-content\/uploads\/sites\/40\/2026\/04\/lettre-stage-chasse-individuelle-2-mai-2026.docx.pdf\">Bulletin d&rsquo;inscription<\/a><\/span><\/div>\n<div dir=\"ltr\"><\/div>\n<div>\n<div dir=\"ltr\">\n<div dir=\"ltr\">\n<hr \/>\n<\/div>\n<\/div>\n<\/div>\n<div dir=\"ltr\" style=\"text-align: center\"><strong><span style=\"font-size: 24pt\">R\u00e9glage Carabines pour tirs d&rsquo;\u00e9t\u00e9<\/span><\/strong><\/div>\n<div dir=\"ltr\" style=\"text-align: center\"><strong><span style=\"font-size: 18pt\">Samedi 16 Mai 2026 Matin<\/span><\/strong><\/div>\n<div dir=\"ltr\" style=\"text-align: center\"><span style=\"font-size: 14pt\">Stand de tir FDC 25 \u00e0 St Symphorien<\/span><\/div>\n","protected":false},"excerpt":{"rendered":"<p>Brevet Grand Gibier 2026 &nbsp; &nbsp; Brevet Grand Gibier en Ille et Vilaine Vous pouvez nous contacter par Mail: adcggiv@yahoo.com ou \u00e0 Eric Coirre 06 35 45 11 31 D\u00e9pliant Brevet Grand Gibier &nbsp; Programme BGG 2026 &nbsp; Formation Chasse Individuelle Samedi 2 Mai 2026 Salle des Associations FDC 35 \u00e0 St Symphorien Cher(e)s adh\u00e9rent(e)s, [&hellip;]<\/p>\n","protected":false},"author":118,"featured_media":0,"parent":0,"menu_order":0,"comment_status":"closed","ping_status":"closed","template":"","meta":{"_acf_changed":false,"footnotes":""},"class_list":["post-1625","page","type-page","status-publish","hentry"],"acf":[],"yoast_head":"<!-- This site is optimized with the Yoast SEO plugin v27.3 - https:\/\/yoast.com\/product\/yoast-seo-wordpress\/ -->\n<title>Activit\u00e9s \u00e0 venir - Association D\u00e9partementale des Chasseurs de Grand Gibier d&#039;Ille et Vilaine<\/title>\n<meta name=\"robots\" content=\"noindex, follow, max-snippet:-1, max-image-preview:large, max-video-preview:-1\" \/>\n<meta property=\"og:locale\" content=\"fr_FR\" \/>\n<meta property=\"og:type\" content=\"article\" \/>\n<meta property=\"og:title\" content=\"Activit\u00e9s \u00e0 venir - Association D\u00e9partementale des Chasseurs de Grand Gibier d&#039;Ille et Vilaine\" \/>\n<meta property=\"og:description\" content=\"Brevet Grand Gibier 2026 &nbsp; &nbsp; Brevet Grand Gibier en Ille et Vilaine Vous pouvez nous contacter par Mail: adcggiv@yahoo.com ou \u00e0 Eric Coirre 06 35 45 11 31 D\u00e9pliant Brevet Grand Gibier &nbsp; Programme BGG 2026 &nbsp; Formation Chasse Individuelle Samedi 2 Mai 2026 Salle des Associations FDC 35 \u00e0 St Symphorien Cher(e)s adh\u00e9rent(e)s, [&hellip;]\" \/>\n<meta property=\"og:url\" content=\"https:\/\/www.ancgg.org\/ad35\/activites-de-lassociation-2\/\" \/>\n<meta property=\"og:site_name\" content=\"Association D\u00e9partementale des Chasseurs de Grand Gibier d&#039;Ille et Vilaine\" \/>\n<meta property=\"article:modified_time\" content=\"2026-04-02T08:03:32+00:00\" \/>\n<meta property=\"og:image\" content=\"https:\/\/www.ancgg.org\/ad35\/wp-content\/uploads\/sites\/40\/2023\/11\/BGG_Pins-1.jpg\" \/>\n<meta name=\"twitter:card\" content=\"summary_large_image\" \/>\n<meta name=\"twitter:label1\" content=\"Dur\u00e9e de lecture estim\u00e9e\" \/>\n\t<meta name=\"twitter:data1\" content=\"1 minute\" \/>\n<script type=\"application\/ld+json\" class=\"yoast-schema-graph\">{\"@context\":\"https:\\\/\\\/schema.org\",\"@graph\":[{\"@type\":\"WebPage\",\"@id\":\"https:\\\/\\\/www.ancgg.org\\\/ad35\\\/activites-de-lassociation-2\\\/\",\"url\":\"https:\\\/\\\/www.ancgg.org\\\/ad35\\\/activites-de-lassociation-2\\\/\",\"name\":\"Activit\u00e9s \u00e0 venir - Association D\u00e9partementale des Chasseurs de Grand Gibier d&#039;Ille et Vilaine\",\"isPartOf\":{\"@id\":\"https:\\\/\\\/www.ancgg.org\\\/ad35\\\/#website\"},\"primaryImageOfPage\":{\"@id\":\"https:\\\/\\\/www.ancgg.org\\\/ad35\\\/activites-de-lassociation-2\\\/#primaryimage\"},\"image\":{\"@id\":\"https:\\\/\\\/www.ancgg.org\\\/ad35\\\/activites-de-lassociation-2\\\/#primaryimage\"},\"thumbnailUrl\":\"https:\\\/\\\/www.ancgg.org\\\/ad35\\\/wp-content\\\/uploads\\\/sites\\\/40\\\/2023\\\/11\\\/BGG_Pins-1.jpg\",\"datePublished\":\"2022-07-04T11:29:57+00:00\",\"dateModified\":\"2026-04-02T08:03:32+00:00\",\"breadcrumb\":{\"@id\":\"https:\\\/\\\/www.ancgg.org\\\/ad35\\\/activites-de-lassociation-2\\\/#breadcrumb\"},\"inLanguage\":\"fr-FR\",\"potentialAction\":[{\"@type\":\"ReadAction\",\"target\":[\"https:\\\/\\\/www.ancgg.org\\\/ad35\\\/activites-de-lassociation-2\\\/\"]}]},{\"@type\":\"ImageObject\",\"inLanguage\":\"fr-FR\",\"@id\":\"https:\\\/\\\/www.ancgg.org\\\/ad35\\\/activites-de-lassociation-2\\\/#primaryimage\",\"url\":\"https:\\\/\\\/www.ancgg.org\\\/ad35\\\/wp-content\\\/uploads\\\/sites\\\/40\\\/2023\\\/11\\\/BGG_Pins-1.jpg\",\"contentUrl\":\"https:\\\/\\\/www.ancgg.org\\\/ad35\\\/wp-content\\\/uploads\\\/sites\\\/40\\\/2023\\\/11\\\/BGG_Pins-1.jpg\",\"width\":1606,\"height\":838},{\"@type\":\"BreadcrumbList\",\"@id\":\"https:\\\/\\\/www.ancgg.org\\\/ad35\\\/activites-de-lassociation-2\\\/#breadcrumb\",\"itemListElement\":[{\"@type\":\"ListItem\",\"position\":1,\"name\":\"Accueil\",\"item\":\"https:\\\/\\\/www.ancgg.org\\\/ad35\\\/\"},{\"@type\":\"ListItem\",\"position\":2,\"name\":\"Activit\u00e9s \u00e0 venir\"}]},{\"@type\":\"WebSite\",\"@id\":\"https:\\\/\\\/www.ancgg.org\\\/ad35\\\/#website\",\"url\":\"https:\\\/\\\/www.ancgg.org\\\/ad35\\\/\",\"name\":\"Association D\u00e9partementale des Chasseurs de Grand Gibier d&#039;Ille et Vilaine\",\"description\":\"\",\"potentialAction\":[{\"@type\":\"SearchAction\",\"target\":{\"@type\":\"EntryPoint\",\"urlTemplate\":\"https:\\\/\\\/www.ancgg.org\\\/ad35\\\/?s={search_term_string}\"},\"query-input\":{\"@type\":\"PropertyValueSpecification\",\"valueRequired\":true,\"valueName\":\"search_term_string\"}}],\"inLanguage\":\"fr-FR\"}]}<\/script>\n<!-- \/ Yoast SEO plugin. -->","yoast_head_json":{"title":"Activit\u00e9s \u00e0 venir - Association D\u00e9partementale des Chasseurs de Grand Gibier d&#039;Ille et Vilaine","robots":{"index":"noindex","follow":"follow","max-snippet":"max-snippet:-1","max-image-preview":"max-image-preview:large","max-video-preview":"max-video-preview:-1"},"og_locale":"fr_FR","og_type":"article","og_title":"Activit\u00e9s \u00e0 venir - Association D\u00e9partementale des Chasseurs de Grand Gibier d&#039;Ille et Vilaine","og_description":"Brevet Grand Gibier 2026 &nbsp; &nbsp; Brevet Grand Gibier en Ille et Vilaine Vous pouvez nous contacter par Mail: adcggiv@yahoo.com ou \u00e0 Eric Coirre 06 35 45 11 31 D\u00e9pliant Brevet Grand Gibier &nbsp; Programme BGG 2026 &nbsp; Formation Chasse Individuelle Samedi 2 Mai 2026 Salle des Associations FDC 35 \u00e0 St Symphorien Cher(e)s adh\u00e9rent(e)s, [&hellip;]","og_url":"https:\/\/www.ancgg.org\/ad35\/activites-de-lassociation-2\/","og_site_name":"Association D\u00e9partementale des Chasseurs de Grand Gibier d&#039;Ille et Vilaine","article_modified_time":"2026-04-02T08:03:32+00:00","og_image":[{"url":"https:\/\/www.ancgg.org\/ad35\/wp-content\/uploads\/sites\/40\/2023\/11\/BGG_Pins-1.jpg","type":"","width":"","height":""}],"twitter_card":"summary_large_image","twitter_misc":{"Dur\u00e9e de lecture estim\u00e9e":"1 minute"},"schema":{"@context":"https:\/\/schema.org","@graph":[{"@type":"WebPage","@id":"https:\/\/www.ancgg.org\/ad35\/activites-de-lassociation-2\/","url":"https:\/\/www.ancgg.org\/ad35\/activites-de-lassociation-2\/","name":"Activit\u00e9s \u00e0 venir - Association D\u00e9partementale des Chasseurs de Grand Gibier d&#039;Ille et Vilaine","isPartOf":{"@id":"https:\/\/www.ancgg.org\/ad35\/#website"},"primaryImageOfPage":{"@id":"https:\/\/www.ancgg.org\/ad35\/activites-de-lassociation-2\/#primaryimage"},"image":{"@id":"https:\/\/www.ancgg.org\/ad35\/activites-de-lassociation-2\/#primaryimage"},"thumbnailUrl":"https:\/\/www.ancgg.org\/ad35\/wp-content\/uploads\/sites\/40\/2023\/11\/BGG_Pins-1.jpg","datePublished":"2022-07-04T11:29:57+00:00","dateModified":"2026-04-02T08:03:32+00:00","breadcrumb":{"@id":"https:\/\/www.ancgg.org\/ad35\/activites-de-lassociation-2\/#breadcrumb"},"inLanguage":"fr-FR","potentialAction":[{"@type":"ReadAction","target":["https:\/\/www.ancgg.org\/ad35\/activites-de-lassociation-2\/"]}]},{"@type":"ImageObject","inLanguage":"fr-FR","@id":"https:\/\/www.ancgg.org\/ad35\/activites-de-lassociation-2\/#primaryimage","url":"https:\/\/www.ancgg.org\/ad35\/wp-content\/uploads\/sites\/40\/2023\/11\/BGG_Pins-1.jpg","contentUrl":"https:\/\/www.ancgg.org\/ad35\/wp-content\/uploads\/sites\/40\/2023\/11\/BGG_Pins-1.jpg","width":1606,"height":838},{"@type":"BreadcrumbList","@id":"https:\/\/www.ancgg.org\/ad35\/activites-de-lassociation-2\/#breadcrumb","itemListElement":[{"@type":"ListItem","position":1,"name":"Accueil","item":"https:\/\/www.ancgg.org\/ad35\/"},{"@type":"ListItem","position":2,"name":"Activit\u00e9s \u00e0 venir"}]},{"@type":"WebSite","@id":"https:\/\/www.ancgg.org\/ad35\/#website","url":"https:\/\/www.ancgg.org\/ad35\/","name":"Association D\u00e9partementale des Chasseurs de Grand Gibier d&#039;Ille et Vilaine","description":"","potentialAction":[{"@type":"SearchAction","target":{"@type":"EntryPoint","urlTemplate":"https:\/\/www.ancgg.org\/ad35\/?s={search_term_string}"},"query-input":{"@type":"PropertyValueSpecification","valueRequired":true,"valueName":"search_term_string"}}],"inLanguage":"fr-FR"}]}},"_links":{"self":[{"href":"https:\/\/www.ancgg.org\/ad35\/wp-json\/wp\/v2\/pages\/1625","targetHints":{"allow":["GET"]}}],"collection":[{"href":"https:\/\/www.ancgg.org\/ad35\/wp-json\/wp\/v2\/pages"}],"about":[{"href":"https:\/\/www.ancgg.org\/ad35\/wp-json\/wp\/v2\/types\/page"}],"author":[{"embeddable":true,"href":"https:\/\/www.ancgg.org\/ad35\/wp-json\/wp\/v2\/users\/118"}],"replies":[{"embeddable":true,"href":"https:\/\/www.ancgg.org\/ad35\/wp-json\/wp\/v2\/comments?post=1625"}],"version-history":[{"count":225,"href":"https:\/\/www.ancgg.org\/ad35\/wp-json\/wp\/v2\/pages\/1625\/revisions"}],"predecessor-version":[{"id":3528,"href":"https:\/\/www.ancgg.org\/ad35\/wp-json\/wp\/v2\/pages\/1625\/revisions\/3528"}],"wp:attachment":[{"href":"https:\/\/www.ancgg.org\/ad35\/wp-json\/wp\/v2\/media?parent=1625"}],"curies":[{"name":"wp","href":"https:\/\/api.w.org\/{rel}","templated":true}]}}