{"id":453,"date":"2022-01-06T05:45:25","date_gmt":"2022-01-06T04:45:25","guid":{"rendered":"https:\/\/www.ancgg.org\/ad38\/?page_id=453"},"modified":"2025-02-24T17:58:34","modified_gmt":"2025-02-24T16:58:34","slug":"brevet-grand-gibier","status":"publish","type":"page","link":"https:\/\/www.ancgg.org\/ad38\/brevet-grand-gibier\/","title":{"rendered":"Brevet Grand Gibier"},"content":{"rendered":"<div class=\"wpb-content-wrapper\"><p>[vc_row][vc_column][vc_empty_space][\/vc_column][\/vc_row][vc_row][vc_column][vc_column_text css=\u00a0\u00bb\u00a0\u00bb]<strong><a class=\"btn-style-1 btn-with-pdf\" href=\"https:\/\/www.ancgg.org\/ad38\/wp-content\/uploads\/sites\/43\/2024\/02\/Bulletin-d-inscription-brevet-2024.pdf\">BULLETIN D&rsquo;INSCRIPTION 2025<\/a><\/strong>[\/vc_column_text][\/vc_column][\/vc_row][vc_row][vc_column][vc_column_text css=\u00a0\u00bb\u00a0\u00bb]<\/p>\n<p style=\"text-align: center\"><a href=\"https:\/\/www.ancgg.org\/ad38\/session-2024-2\/\"><strong><span style=\"color: #000000\">Candidats re\u00e7us au BGG 2024<\/span><\/strong><\/a><\/p>\n<p>[\/vc_column_text][vc_column_text]<\/p>\n<p style=\"text-align: center\"><strong>\u00a0<a href=\"https:\/\/www.ancgg.org\/ad38\/session-2023-du-bgg-resultats\/\">Candidats re\u00e7us au BGG 2023<\/a><\/strong><\/p>\n<p>[\/vc_column_text][vc_column_text]<\/p>\n<p style=\"text-align: center\"><strong>\u00a0<a href=\"https:\/\/www.ancgg.org\/ad38\/candidats-recus-au-bgg-2018\/\">Candidats re\u00e7us au BGG 2018<\/a><\/strong><\/p>\n<p>[\/vc_column_text][vc_column_text]<\/p>\n<p style=\"text-align: center\"><strong><a href=\"https:\/\/www.ancgg.org\/ad38\/brevet-2020\/\">\u00a0Candidats re\u00e7us au BGG 2020<\/a><\/strong><\/p>\n<p>[\/vc_column_text][vc_column_text]<\/p>\n<p style=\"text-align: center\"><a href=\"https:\/\/www.ancgg.org\/ad38\/brevet-2021\/\"><strong>\u00a0Candidats re\u00e7us au BGG 2021<\/strong><\/a><\/p>\n<p>[\/vc_column_text][vc_column_text]<\/p>\n<p style=\"text-align: center\"><strong>\u00a0<a href=\"https:\/\/www.ancgg.org\/ad38\/brevet-2022\/\">Candidats re\u00e7us au BGG 2022<\/a>\u00a0<\/strong><\/p>\n<p>[\/vc_column_text][\/vc_column][\/vc_row][vc_row][vc_column][\/vc_column][\/vc_row][vc_row][vc_column][\/vc_column][\/vc_row][vc_row][vc_column][\/vc_column][\/vc_row][vc_row][vc_column][vc_column_text css=\u00a0\u00bb\u00a0\u00bb]<span style=\"font-size: 18pt\"><strong>Session 2025<\/strong><\/span><\/p>\n<p>La formation pour le brevet commencera le lundi 10 mars 2025 \u00e0 19h30 et sera dispens\u00e9e en visioconf\u00e9rence \u00e0 raison d&rsquo;une s\u00e9ance hebdomadaire jusqu&rsquo;au mois de juin.<\/p>\n<p>Les candidats doivent au pr\u00e9alable t\u00e9l\u00e9charger l&rsquo;application ZOOM (version gratuite). Ils recevront avant chaque s\u00e9ance un lien de connexion leur permettant d&rsquo;entrer dans la conf\u00e9rence.<\/p>\n<p>Le planning des s\u00e9ances de formation sera adress\u00e9 au d\u00e9but du mois de mars. Le calendrier des entra\u00eenements aux \u00e9preuves pratiques (tir \u00e0 la carabine) est en cours d&rsquo;\u00e9laboration avec le concours de l&rsquo;armurerie PEYRON.<\/p>\n<p>Pour tout renseignement compl\u00e9mentaire, prenez contact avec le responsable du Brevet (mail: raymond-f.gitton@wanadoo.fr ou t\u00e9l mob.: 06 75 47 30 03).[\/vc_column_text][\/vc_column][\/vc_row][vc_row][vc_column][vc_column_text css=\u00a0\u00bb\u00a0\u00bb]<em>Les \u00e9preuves th\u00e9oriques se d\u00e9rouleront le samedi 31 mai 2025 (lieu non d\u00e9fini).<\/em><\/p>\n<p><em>Elles d\u00e9buteront \u00e0 <strong>8 heures<\/strong> pr\u00e9cises (ouverture de la salle \u00e0 7h30).<\/em>[\/vc_column_text][\/vc_column][\/vc_row]<\/p>\n<\/div>","protected":false},"excerpt":{"rendered":"<p>[vc_row][vc_column][vc_empty_space][\/vc_column][\/vc_row][vc_row][vc_column][vc_column_text css=\u00a0\u00bb\u00a0\u00bb]BULLETIN D&rsquo;INSCRIPTION 2025[\/vc_column_text][\/vc_column][\/vc_row][vc_row][vc_column][vc_column_text css=\u00a0\u00bb\u00a0\u00bb] Candidats re\u00e7us au BGG 2024 [\/vc_column_text][vc_column_text] \u00a0Candidats re\u00e7us au BGG 2023 [\/vc_column_text][vc_column_text] \u00a0Candidats re\u00e7us au BGG 2018 [\/vc_column_text][vc_column_text] \u00a0Candidats re\u00e7us au BGG 2020 [\/vc_column_text][vc_column_text] \u00a0Candidats re\u00e7us au BGG 2021 [\/vc_column_text][vc_column_text] \u00a0Candidats re\u00e7us au BGG 2022\u00a0 [\/vc_column_text][\/vc_column][\/vc_row][vc_row][vc_column][\/vc_column][\/vc_row][vc_row][vc_column][\/vc_column][\/vc_row][vc_row][vc_column][\/vc_column][\/vc_row][vc_row][vc_column][vc_column_text css=\u00a0\u00bb\u00a0\u00bb]Session 2025 La formation pour le brevet commencera le lundi 10 mars 2025 \u00e0 [&hellip;]<\/p>\n","protected":false},"author":93,"featured_media":0,"parent":0,"menu_order":0,"comment_status":"closed","ping_status":"closed","template":"","meta":{"_acf_changed":false,"footnotes":""},"class_list":["post-453","page","type-page","status-publish","hentry"],"acf":[],"yoast_head":"<!-- This site is optimized with the Yoast SEO plugin v27.3 - https:\/\/yoast.com\/product\/yoast-seo-wordpress\/ -->\n<title>Brevet Grand Gibier - Association des Chasseurs de Grand Gibier du Dauphin\u00e9<\/title>\n<meta name=\"robots\" content=\"noindex, follow, max-snippet:-1, max-image-preview:large, max-video-preview:-1\" \/>\n<meta property=\"og:locale\" content=\"fr_FR\" \/>\n<meta property=\"og:type\" content=\"article\" \/>\n<meta property=\"og:title\" content=\"Brevet Grand Gibier - Association des Chasseurs de Grand Gibier du Dauphin\u00e9\" \/>\n<meta property=\"og:description\" content=\"[vc_row][vc_column][vc_empty_space][\/vc_column][\/vc_row][vc_row][vc_column][vc_column_text css=\u00a0\u00bb\u00a0\u00bb]BULLETIN D&rsquo;INSCRIPTION 2025[\/vc_column_text][\/vc_column][\/vc_row][vc_row][vc_column][vc_column_text css=\u00a0\u00bb\u00a0\u00bb] Candidats re\u00e7us au BGG 2024 [\/vc_column_text][vc_column_text] \u00a0Candidats re\u00e7us au BGG 2023 [\/vc_column_text][vc_column_text] \u00a0Candidats re\u00e7us au BGG 2018 [\/vc_column_text][vc_column_text] \u00a0Candidats re\u00e7us au BGG 2020 [\/vc_column_text][vc_column_text] \u00a0Candidats re\u00e7us au BGG 2021 [\/vc_column_text][vc_column_text] \u00a0Candidats re\u00e7us au BGG 2022\u00a0 [\/vc_column_text][\/vc_column][\/vc_row][vc_row][vc_column][\/vc_column][\/vc_row][vc_row][vc_column][\/vc_column][\/vc_row][vc_row][vc_column][\/vc_column][\/vc_row][vc_row][vc_column][vc_column_text css=\u00a0\u00bb\u00a0\u00bb]Session 2025 La formation pour le brevet commencera le lundi 10 mars 2025 \u00e0 [&hellip;]\" \/>\n<meta property=\"og:url\" content=\"https:\/\/www.ancgg.org\/ad38\/brevet-grand-gibier\/\" \/>\n<meta property=\"og:site_name\" content=\"Association des Chasseurs de Grand Gibier du Dauphin\u00e9\" \/>\n<meta property=\"article:modified_time\" content=\"2025-02-24T16:58:34+00:00\" \/>\n<meta name=\"twitter:card\" content=\"summary_large_image\" \/>\n<meta name=\"twitter:label1\" content=\"Dur\u00e9e de lecture estim\u00e9e\" \/>\n\t<meta name=\"twitter:data1\" content=\"1 minute\" \/>\n<script type=\"application\/ld+json\" class=\"yoast-schema-graph\">{\"@context\":\"https:\\\/\\\/schema.org\",\"@graph\":[{\"@type\":\"WebPage\",\"@id\":\"https:\\\/\\\/www.ancgg.org\\\/ad38\\\/brevet-grand-gibier\\\/\",\"url\":\"https:\\\/\\\/www.ancgg.org\\\/ad38\\\/brevet-grand-gibier\\\/\",\"name\":\"Brevet Grand Gibier - Association des Chasseurs de Grand Gibier du Dauphin\u00e9\",\"isPartOf\":{\"@id\":\"https:\\\/\\\/www.ancgg.org\\\/ad38\\\/#website\"},\"datePublished\":\"2022-01-06T04:45:25+00:00\",\"dateModified\":\"2025-02-24T16:58:34+00:00\",\"breadcrumb\":{\"@id\":\"https:\\\/\\\/www.ancgg.org\\\/ad38\\\/brevet-grand-gibier\\\/#breadcrumb\"},\"inLanguage\":\"fr-FR\",\"potentialAction\":[{\"@type\":\"ReadAction\",\"target\":[\"https:\\\/\\\/www.ancgg.org\\\/ad38\\\/brevet-grand-gibier\\\/\"]}]},{\"@type\":\"BreadcrumbList\",\"@id\":\"https:\\\/\\\/www.ancgg.org\\\/ad38\\\/brevet-grand-gibier\\\/#breadcrumb\",\"itemListElement\":[{\"@type\":\"ListItem\",\"position\":1,\"name\":\"Accueil\",\"item\":\"https:\\\/\\\/www.ancgg.org\\\/ad38\\\/\"},{\"@type\":\"ListItem\",\"position\":2,\"name\":\"Brevet Grand Gibier\"}]},{\"@type\":\"WebSite\",\"@id\":\"https:\\\/\\\/www.ancgg.org\\\/ad38\\\/#website\",\"url\":\"https:\\\/\\\/www.ancgg.org\\\/ad38\\\/\",\"name\":\"Association des Chasseurs de Grand Gibier du Dauphin\u00e9\",\"description\":\"\",\"potentialAction\":[{\"@type\":\"SearchAction\",\"target\":{\"@type\":\"EntryPoint\",\"urlTemplate\":\"https:\\\/\\\/www.ancgg.org\\\/ad38\\\/?s={search_term_string}\"},\"query-input\":{\"@type\":\"PropertyValueSpecification\",\"valueRequired\":true,\"valueName\":\"search_term_string\"}}],\"inLanguage\":\"fr-FR\"}]}<\/script>\n<!-- \/ Yoast SEO plugin. -->","yoast_head_json":{"title":"Brevet Grand Gibier - Association des Chasseurs de Grand Gibier du Dauphin\u00e9","robots":{"index":"noindex","follow":"follow","max-snippet":"max-snippet:-1","max-image-preview":"max-image-preview:large","max-video-preview":"max-video-preview:-1"},"og_locale":"fr_FR","og_type":"article","og_title":"Brevet Grand Gibier - Association des Chasseurs de Grand Gibier du Dauphin\u00e9","og_description":"[vc_row][vc_column][vc_empty_space][\/vc_column][\/vc_row][vc_row][vc_column][vc_column_text css=\u00a0\u00bb\u00a0\u00bb]BULLETIN D&rsquo;INSCRIPTION 2025[\/vc_column_text][\/vc_column][\/vc_row][vc_row][vc_column][vc_column_text css=\u00a0\u00bb\u00a0\u00bb] Candidats re\u00e7us au BGG 2024 [\/vc_column_text][vc_column_text] \u00a0Candidats re\u00e7us au BGG 2023 [\/vc_column_text][vc_column_text] \u00a0Candidats re\u00e7us au BGG 2018 [\/vc_column_text][vc_column_text] \u00a0Candidats re\u00e7us au BGG 2020 [\/vc_column_text][vc_column_text] \u00a0Candidats re\u00e7us au BGG 2021 [\/vc_column_text][vc_column_text] \u00a0Candidats re\u00e7us au BGG 2022\u00a0 [\/vc_column_text][\/vc_column][\/vc_row][vc_row][vc_column][\/vc_column][\/vc_row][vc_row][vc_column][\/vc_column][\/vc_row][vc_row][vc_column][\/vc_column][\/vc_row][vc_row][vc_column][vc_column_text css=\u00a0\u00bb\u00a0\u00bb]Session 2025 La formation pour le brevet commencera le lundi 10 mars 2025 \u00e0 [&hellip;]","og_url":"https:\/\/www.ancgg.org\/ad38\/brevet-grand-gibier\/","og_site_name":"Association des Chasseurs de Grand Gibier du Dauphin\u00e9","article_modified_time":"2025-02-24T16:58:34+00:00","twitter_card":"summary_large_image","twitter_misc":{"Dur\u00e9e de lecture estim\u00e9e":"1 minute"},"schema":{"@context":"https:\/\/schema.org","@graph":[{"@type":"WebPage","@id":"https:\/\/www.ancgg.org\/ad38\/brevet-grand-gibier\/","url":"https:\/\/www.ancgg.org\/ad38\/brevet-grand-gibier\/","name":"Brevet Grand Gibier - Association des Chasseurs de Grand Gibier du Dauphin\u00e9","isPartOf":{"@id":"https:\/\/www.ancgg.org\/ad38\/#website"},"datePublished":"2022-01-06T04:45:25+00:00","dateModified":"2025-02-24T16:58:34+00:00","breadcrumb":{"@id":"https:\/\/www.ancgg.org\/ad38\/brevet-grand-gibier\/#breadcrumb"},"inLanguage":"fr-FR","potentialAction":[{"@type":"ReadAction","target":["https:\/\/www.ancgg.org\/ad38\/brevet-grand-gibier\/"]}]},{"@type":"BreadcrumbList","@id":"https:\/\/www.ancgg.org\/ad38\/brevet-grand-gibier\/#breadcrumb","itemListElement":[{"@type":"ListItem","position":1,"name":"Accueil","item":"https:\/\/www.ancgg.org\/ad38\/"},{"@type":"ListItem","position":2,"name":"Brevet Grand Gibier"}]},{"@type":"WebSite","@id":"https:\/\/www.ancgg.org\/ad38\/#website","url":"https:\/\/www.ancgg.org\/ad38\/","name":"Association des Chasseurs de Grand Gibier du Dauphin\u00e9","description":"","potentialAction":[{"@type":"SearchAction","target":{"@type":"EntryPoint","urlTemplate":"https:\/\/www.ancgg.org\/ad38\/?s={search_term_string}"},"query-input":{"@type":"PropertyValueSpecification","valueRequired":true,"valueName":"search_term_string"}}],"inLanguage":"fr-FR"}]}},"_links":{"self":[{"href":"https:\/\/www.ancgg.org\/ad38\/wp-json\/wp\/v2\/pages\/453","targetHints":{"allow":["GET"]}}],"collection":[{"href":"https:\/\/www.ancgg.org\/ad38\/wp-json\/wp\/v2\/pages"}],"about":[{"href":"https:\/\/www.ancgg.org\/ad38\/wp-json\/wp\/v2\/types\/page"}],"author":[{"embeddable":true,"href":"https:\/\/www.ancgg.org\/ad38\/wp-json\/wp\/v2\/users\/93"}],"replies":[{"embeddable":true,"href":"https:\/\/www.ancgg.org\/ad38\/wp-json\/wp\/v2\/comments?post=453"}],"version-history":[{"count":38,"href":"https:\/\/www.ancgg.org\/ad38\/wp-json\/wp\/v2\/pages\/453\/revisions"}],"predecessor-version":[{"id":963,"href":"https:\/\/www.ancgg.org\/ad38\/wp-json\/wp\/v2\/pages\/453\/revisions\/963"}],"wp:attachment":[{"href":"https:\/\/www.ancgg.org\/ad38\/wp-json\/wp\/v2\/media?parent=453"}],"curies":[{"name":"wp","href":"https:\/\/api.w.org\/{rel}","templated":true}]}}