{"id":56,"date":"2020-10-07T12:41:24","date_gmt":"2020-10-07T10:41:24","guid":{"rendered":"https:\/\/www.ancgg.org\/ad40\/?page_id=56"},"modified":"2024-09-30T10:17:08","modified_gmt":"2024-09-30T08:17:08","slug":"contact","status":"publish","type":"page","link":"https:\/\/www.ancgg.org\/ad40\/contact\/","title":{"rendered":"Contact"},"content":{"rendered":"<div class=\"wpb-content-wrapper\"><p>[vc_row][vc_column][vc_row_inner content_placement=\u00a0\u00bbmiddle\u00a0\u00bb][vc_column_inner width=\u00a0\u00bb1\/2&Prime;][vc_column_text css=\u00a0\u00bb\u00a0\u00bb]Vous avez une question \u00e0 nous poser, n\u2019h\u00e9sitez pas \u00e0 nous contacter. Notre \u00e9quipe vous r\u00e9pondra dans les meilleurs d\u00e9lais.<\/p>\n<p style=\"text-align: center\"><strong>Association D\u00e9partementale des Chasseurs de Grand Gibier des Landes<\/strong><\/p>\n<p style=\"text-align: center\">ADCGG40<\/p>\n<p style=\"text-align: center\">28 route Imp\u00e9riale<\/p>\n<p style=\"text-align: center\">40210 SOLF\u00c9RINO<\/p>\n<p style=\"text-align: center\">06 14 06 54 72<\/p>\n<p style=\"text-align: center\">40adcgg@gmail.com<\/p>\n<p>[\/vc_column_text][\/vc_column_inner][vc_column_inner width=\u00a0\u00bb1\/2&Prime;][vc_column_text]<div class=\"frm_forms  with_frm_style frm_style_style-formidable\" id=\"frm_form_2_container\" >\n<form enctype=\"multipart\/form-data\" method=\"post\" class=\"frm-show-form \" id=\"form_contact-form\" >\n<div class=\"frm_form_fields \">\n<fieldset>\n<legend class=\"frm_screen_reader\">Contact<\/legend>\r\n\r\n<div class=\"frm_fields_container\">\n<input type=\"hidden\" name=\"frm_action\" value=\"create\" \/>\n<input type=\"hidden\" name=\"form_id\" value=\"2\" \/>\n<input type=\"hidden\" name=\"frm_hide_fields_2\" id=\"frm_hide_fields_2\" value=\"\" \/>\n<input type=\"hidden\" name=\"form_key\" value=\"contact-form\" \/>\n<input type=\"hidden\" name=\"item_meta[0]\" value=\"\" \/>\n<input type=\"hidden\" id=\"frm_submit_entry_2\" name=\"frm_submit_entry_2\" value=\"acba21992c\" \/><input type=\"hidden\" name=\"_wp_http_referer\" value=\"\/ad40\/wp-json\/wp\/v2\/pages\/56\" \/><div id=\"frm_field_6_container\" class=\"frm_form_field form-field  frm_required_field frm_top_container frm_first frm_half\">\r\n    <label for=\"field_qh4icy\" id=\"field_qh4icy_label\" class=\"frm_primary_label\">Nom\r\n        <span class=\"frm_required\">*<\/span>\r\n    <\/label>\r\n    <input type=\"text\" id=\"field_qh4icy\" name=\"item_meta[6]\" value=\"\"  data-reqmsg=\"Nom ne peut pas \u00eatre vide.\" aria-required=\"true\" data-invmsg=\"Name est non valide\" aria-invalid=\"false\"  \/>\r\n    \r\n    \r\n<\/div>\n<div id=\"frm_field_7_container\" class=\"frm_form_field form-field  frm_required_field frm_top_container frm_half\">\r\n    <label for=\"field_ocfup1\" id=\"field_ocfup1_label\" class=\"frm_primary_label\">Pr\u00e9nom\r\n        <span class=\"frm_required\">*<\/span>\r\n    <\/label>\r\n    <input type=\"text\" id=\"field_ocfup1\" name=\"item_meta[7]\" value=\"\"  data-reqmsg=\"Pr\u00e9nom ne peut pas \u00eatre vide.\" aria-required=\"true\" data-invmsg=\"Last est non valide\" aria-invalid=\"false\"  \/>\r\n    \r\n    \r\n<\/div>\n<div id=\"frm_field_8_container\" class=\"frm_form_field form-field  frm_required_field frm_top_container frm_full\">\r\n    <label for=\"field_29yf4d\" id=\"field_29yf4d_label\" class=\"frm_primary_label\">Email \r\n        <span class=\"frm_required\">*<\/span>\r\n    <\/label>\r\n    <input type=\"email\" id=\"field_29yf4d\" name=\"item_meta[8]\" value=\"\"  data-reqmsg=\"Email  ne peut pas \u00eatre vide.\" aria-required=\"true\" data-invmsg=\"Please enter a valid email address\" aria-invalid=\"false\"  \/>\r\n    \r\n    \r\n<\/div>\n<div id=\"frm_field_9_container\" class=\"frm_form_field form-field  frm_required_field frm_top_container frm_full\">\r\n    <label for=\"field_e6lis6\" id=\"field_e6lis6_label\" class=\"frm_primary_label\">Sujet\r\n        <span class=\"frm_required\">*<\/span>\r\n    <\/label>\r\n    <input type=\"text\" id=\"field_e6lis6\" name=\"item_meta[9]\" value=\"\"  data-reqmsg=\"Sujet ne peut pas \u00eatre vide.\" aria-required=\"true\" data-invmsg=\"Subject est non valide\" aria-invalid=\"false\"  \/>\r\n    \r\n    \r\n<\/div>\n<div id=\"frm_field_10_container\" class=\"frm_form_field form-field  frm_required_field frm_top_container frm_full\">\r\n    <label for=\"field_9jv0r1\" id=\"field_9jv0r1_label\" class=\"frm_primary_label\">Message\r\n        <span class=\"frm_required\">*<\/span>\r\n    <\/label>\r\n    <textarea name=\"item_meta[10]\" id=\"field_9jv0r1\" rows=\"5\"  data-reqmsg=\"Message ne peut pas \u00eatre vide.\" aria-required=\"true\" data-invmsg=\"Message est non valide\" aria-invalid=\"false\"  ><\/textarea>\r\n    \r\n    \r\n<\/div>\n\t<input type=\"hidden\" name=\"item_key\" value=\"\" \/>\n\t\t\t<div id=\"frm_field_11_container\">\n\t\t\t<label for=\"field_ockhr\" >\n\t\t\t\tSi vous \u00eates un humain, ne remplissez pas ce champ.\t\t\t<\/label>\n\t\t\t<input  id=\"field_ockhr\" type=\"text\" class=\"frm_form_field form-field frm_verify\" name=\"item_meta[11]\" value=\"\"  \/>\n\t\t<\/div>\n\t\t<input name=\"frm_state\" type=\"hidden\" value=\"Ugv42oXMRIjww1nGlVfyKRRiRziJUPMFm4tSj2uFHUk=\" \/><div class=\"frm_submit\">\r\n\r\n<button class=\"frm_button_submit\" type=\"submit\"  >Envoyer<\/button>\r\n\r\n<\/div><\/div>\n<\/fieldset>\n<\/div>\n\n<\/form>\n<\/div>\n[\/vc_column_text][\/vc_column_inner][\/vc_row_inner][\/vc_column][\/vc_row]<\/p>\n<\/div>","protected":false},"excerpt":{"rendered":"<p>[vc_row][vc_column][vc_row_inner content_placement=\u00a0\u00bbmiddle\u00a0\u00bb][vc_column_inner width=\u00a0\u00bb1\/2&Prime;][vc_column_text css=\u00a0\u00bb\u00a0\u00bb]Vous avez une question \u00e0 nous poser, n\u2019h\u00e9sitez pas \u00e0 nous contacter. Notre \u00e9quipe vous r\u00e9pondra dans les meilleurs d\u00e9lais. Association D\u00e9partementale des Chasseurs de Grand Gibier des Landes ADCGG40 28 route Imp\u00e9riale 40210 SOLF\u00c9RINO 06 14 06 54 72 40adcgg@gmail.com [\/vc_column_text][\/vc_column_inner][vc_column_inner width=\u00a0\u00bb1\/2&Prime;][vc_column_text][\/vc_column_text][\/vc_column_inner][\/vc_row_inner][\/vc_column][\/vc_row]<\/p>\n","protected":false},"author":768,"featured_media":0,"parent":0,"menu_order":4,"comment_status":"closed","ping_status":"closed","template":"","meta":{"_acf_changed":false,"footnotes":""},"class_list":["post-56","page","type-page","status-publish","hentry"],"acf":[],"yoast_head":"<!-- This site is optimized with the Yoast SEO plugin v27.4 - https:\/\/yoast.com\/product\/yoast-seo-wordpress\/ -->\n<title>Contact - Association D\u00e9partementale des Chasseurs de Grand Gibier des Landes<\/title>\n<meta name=\"robots\" content=\"noindex, follow, max-snippet:-1, max-image-preview:large, max-video-preview:-1\" \/>\n<meta property=\"og:locale\" content=\"fr_FR\" \/>\n<meta property=\"og:type\" content=\"article\" \/>\n<meta property=\"og:title\" content=\"Contact - Association D\u00e9partementale des Chasseurs de Grand Gibier des Landes\" \/>\n<meta property=\"og:description\" content=\"[vc_row][vc_column][vc_row_inner content_placement=\u00a0\u00bbmiddle\u00a0\u00bb][vc_column_inner width=\u00a0\u00bb1\/2&Prime;][vc_column_text css=\u00a0\u00bb\u00a0\u00bb]Vous avez une question \u00e0 nous poser, n\u2019h\u00e9sitez pas \u00e0 nous contacter. Notre \u00e9quipe vous r\u00e9pondra dans les meilleurs d\u00e9lais. Association D\u00e9partementale des Chasseurs de Grand Gibier des Landes ADCGG40 28 route Imp\u00e9riale 40210 SOLF\u00c9RINO 06 14 06 54 72 40adcgg@gmail.com [\/vc_column_text][\/vc_column_inner][vc_column_inner width=\u00a0\u00bb1\/2&Prime;][vc_column_text][\/vc_column_text][\/vc_column_inner][\/vc_row_inner][\/vc_column][\/vc_row]\" \/>\n<meta property=\"og:url\" content=\"https:\/\/www.ancgg.org\/ad40\/contact\/\" \/>\n<meta property=\"og:site_name\" content=\"Association D\u00e9partementale des Chasseurs de Grand Gibier des Landes\" \/>\n<meta property=\"article:modified_time\" content=\"2024-09-30T08:17:08+00:00\" \/>\n<meta name=\"twitter:card\" content=\"summary_large_image\" \/>\n<meta name=\"twitter:label1\" content=\"Dur\u00e9e de lecture estim\u00e9e\" \/>\n\t<meta name=\"twitter:data1\" content=\"1 minute\" \/>\n<script type=\"application\/ld+json\" class=\"yoast-schema-graph\">{\"@context\":\"https:\\\/\\\/schema.org\",\"@graph\":[{\"@type\":\"WebPage\",\"@id\":\"https:\\\/\\\/www.ancgg.org\\\/ad40\\\/contact\\\/\",\"url\":\"https:\\\/\\\/www.ancgg.org\\\/ad40\\\/contact\\\/\",\"name\":\"Contact - Association D\u00e9partementale des Chasseurs de Grand Gibier des Landes\",\"isPartOf\":{\"@id\":\"https:\\\/\\\/www.ancgg.org\\\/ad40\\\/#website\"},\"datePublished\":\"2020-10-07T10:41:24+00:00\",\"dateModified\":\"2024-09-30T08:17:08+00:00\",\"breadcrumb\":{\"@id\":\"https:\\\/\\\/www.ancgg.org\\\/ad40\\\/contact\\\/#breadcrumb\"},\"inLanguage\":\"fr-FR\",\"potentialAction\":[{\"@type\":\"ReadAction\",\"target\":[\"https:\\\/\\\/www.ancgg.org\\\/ad40\\\/contact\\\/\"]}]},{\"@type\":\"BreadcrumbList\",\"@id\":\"https:\\\/\\\/www.ancgg.org\\\/ad40\\\/contact\\\/#breadcrumb\",\"itemListElement\":[{\"@type\":\"ListItem\",\"position\":1,\"name\":\"Accueil\",\"item\":\"https:\\\/\\\/www.ancgg.org\\\/ad40\\\/\"},{\"@type\":\"ListItem\",\"position\":2,\"name\":\"Contact\"}]},{\"@type\":\"WebSite\",\"@id\":\"https:\\\/\\\/www.ancgg.org\\\/ad40\\\/#website\",\"url\":\"https:\\\/\\\/www.ancgg.org\\\/ad40\\\/\",\"name\":\"Association D\u00e9partementale des Chasseurs de Grand Gibier des Landes\",\"description\":\"\",\"potentialAction\":[{\"@type\":\"SearchAction\",\"target\":{\"@type\":\"EntryPoint\",\"urlTemplate\":\"https:\\\/\\\/www.ancgg.org\\\/ad40\\\/?s={search_term_string}\"},\"query-input\":{\"@type\":\"PropertyValueSpecification\",\"valueRequired\":true,\"valueName\":\"search_term_string\"}}],\"inLanguage\":\"fr-FR\"}]}<\/script>\n<!-- \/ Yoast SEO plugin. -->","yoast_head_json":{"title":"Contact - Association D\u00e9partementale des Chasseurs de Grand Gibier des Landes","robots":{"index":"noindex","follow":"follow","max-snippet":"max-snippet:-1","max-image-preview":"max-image-preview:large","max-video-preview":"max-video-preview:-1"},"og_locale":"fr_FR","og_type":"article","og_title":"Contact - Association D\u00e9partementale des Chasseurs de Grand Gibier des Landes","og_description":"[vc_row][vc_column][vc_row_inner content_placement=\u00a0\u00bbmiddle\u00a0\u00bb][vc_column_inner width=\u00a0\u00bb1\/2&Prime;][vc_column_text css=\u00a0\u00bb\u00a0\u00bb]Vous avez une question \u00e0 nous poser, n\u2019h\u00e9sitez pas \u00e0 nous contacter. Notre \u00e9quipe vous r\u00e9pondra dans les meilleurs d\u00e9lais. Association D\u00e9partementale des Chasseurs de Grand Gibier des Landes ADCGG40 28 route Imp\u00e9riale 40210 SOLF\u00c9RINO 06 14 06 54 72 40adcgg@gmail.com [\/vc_column_text][\/vc_column_inner][vc_column_inner width=\u00a0\u00bb1\/2&Prime;][vc_column_text][\/vc_column_text][\/vc_column_inner][\/vc_row_inner][\/vc_column][\/vc_row]","og_url":"https:\/\/www.ancgg.org\/ad40\/contact\/","og_site_name":"Association D\u00e9partementale des Chasseurs de Grand Gibier des Landes","article_modified_time":"2024-09-30T08:17:08+00:00","twitter_card":"summary_large_image","twitter_misc":{"Dur\u00e9e de lecture estim\u00e9e":"1 minute"},"schema":{"@context":"https:\/\/schema.org","@graph":[{"@type":"WebPage","@id":"https:\/\/www.ancgg.org\/ad40\/contact\/","url":"https:\/\/www.ancgg.org\/ad40\/contact\/","name":"Contact - Association D\u00e9partementale des Chasseurs de Grand Gibier des Landes","isPartOf":{"@id":"https:\/\/www.ancgg.org\/ad40\/#website"},"datePublished":"2020-10-07T10:41:24+00:00","dateModified":"2024-09-30T08:17:08+00:00","breadcrumb":{"@id":"https:\/\/www.ancgg.org\/ad40\/contact\/#breadcrumb"},"inLanguage":"fr-FR","potentialAction":[{"@type":"ReadAction","target":["https:\/\/www.ancgg.org\/ad40\/contact\/"]}]},{"@type":"BreadcrumbList","@id":"https:\/\/www.ancgg.org\/ad40\/contact\/#breadcrumb","itemListElement":[{"@type":"ListItem","position":1,"name":"Accueil","item":"https:\/\/www.ancgg.org\/ad40\/"},{"@type":"ListItem","position":2,"name":"Contact"}]},{"@type":"WebSite","@id":"https:\/\/www.ancgg.org\/ad40\/#website","url":"https:\/\/www.ancgg.org\/ad40\/","name":"Association D\u00e9partementale des Chasseurs de Grand Gibier des Landes","description":"","potentialAction":[{"@type":"SearchAction","target":{"@type":"EntryPoint","urlTemplate":"https:\/\/www.ancgg.org\/ad40\/?s={search_term_string}"},"query-input":{"@type":"PropertyValueSpecification","valueRequired":true,"valueName":"search_term_string"}}],"inLanguage":"fr-FR"}]}},"_links":{"self":[{"href":"https:\/\/www.ancgg.org\/ad40\/wp-json\/wp\/v2\/pages\/56","targetHints":{"allow":["GET"]}}],"collection":[{"href":"https:\/\/www.ancgg.org\/ad40\/wp-json\/wp\/v2\/pages"}],"about":[{"href":"https:\/\/www.ancgg.org\/ad40\/wp-json\/wp\/v2\/types\/page"}],"author":[{"embeddable":true,"href":"https:\/\/www.ancgg.org\/ad40\/wp-json\/wp\/v2\/users\/768"}],"replies":[{"embeddable":true,"href":"https:\/\/www.ancgg.org\/ad40\/wp-json\/wp\/v2\/comments?post=56"}],"version-history":[{"count":8,"href":"https:\/\/www.ancgg.org\/ad40\/wp-json\/wp\/v2\/pages\/56\/revisions"}],"predecessor-version":[{"id":544,"href":"https:\/\/www.ancgg.org\/ad40\/wp-json\/wp\/v2\/pages\/56\/revisions\/544"}],"wp:attachment":[{"href":"https:\/\/www.ancgg.org\/ad40\/wp-json\/wp\/v2\/media?parent=56"}],"curies":[{"name":"wp","href":"https:\/\/api.w.org\/{rel}","templated":true}]}}