{"id":384,"date":"2023-06-02T12:37:33","date_gmt":"2023-06-02T10:37:33","guid":{"rendered":"https:\/\/www.ancgg.org\/ad44\/?page_id=384"},"modified":"2024-03-13T12:29:06","modified_gmt":"2024-03-13T11:29:06","slug":"brevet-grand-gibier","status":"publish","type":"page","link":"https:\/\/www.ancgg.org\/ad44\/brevet-grand-gibier\/","title":{"rendered":"Brevet Grand Gibier"},"content":{"rendered":"<div class=\"wpb-content-wrapper\"><p>[vc_row][vc_column][vc_empty_space][\/vc_column][\/vc_row][vc_row][vc_column][vc_column_text]Le Brevet Grand Gibier comporte deux \u00e9preuves :<\/p>\n<ul>\n<li>une \u00e9preuve th\u00e9orique de contr\u00f4le des connaissances sur diapositives avec questions \u00e0 choix multiple,<\/li>\n<li>une \u00e9preuve pratique (tir, arc ou v\u00e9nerie). Il est possible de passer plusieurs \u00e9preuves pratiques.<\/li>\n<\/ul>\n<p>[\/vc_column_text][vc_empty_space][\/vc_column][\/vc_row][vc_row][vc_column]    <div class=\"wp-last-news-block\">\n        <div class=\"wp-last-news-block-inner articles-list\">\n            <span class=\"elt_title color-3 h1\">Derni\u00e8res actualit\u00e9s<\/span>\n\n            <div class=\"list\">\n                                        <div class=\"article bg-color-4\">\n                            <a href=\"https:\/\/www.ancgg.org\/ad44\/brevet-grand-gibier-2024\/\"><\/a>\n\n                            \n                            <div class=\"article--content\"\n                                 style=\"width: 100%;\">\n                                <div class=\"article--on-title bg-color-1 color-3\">\n                                                                        Loire-Atlantique                                <\/div>\n\n                                <div class=\"article--content-wrapper\">\n                                    <div class=\"article--date-event color-3\">\n                                        01 Mars 2024                                    <\/div>\n\n                                    <h3>Brevet Grand Gibier 2024<\/h3>\n\n                                    <p class=\"article--excerpt\">\n                                                                            <\/p>\n\n                                    \n                                    <div class=\"article--link\">\n                                        <a href=\"https:\/\/www.ancgg.org\/ad44\/brevet-grand-gibier-2024\/\" class=\"btn-style-1\">\n                                            Lire la suite                                        <\/a>\n                                    <\/div>\n                                <\/div>\n                            <\/div>\n                        <\/div>\n                                                <div class=\"article bg-color-4\">\n                            <a href=\"https:\/\/www.ancgg.org\/ad44\/archives-du-brevet-de-grand-gibier-jusquen-2022\/\"><\/a>\n\n                            \n                            <div class=\"article--content\"\n                                 style=\"width: 100%;\">\n                                <div class=\"article--on-title bg-color-1 color-3\">\n                                                                        Loire-Atlantique                                <\/div>\n\n                                <div class=\"article--content-wrapper\">\n                                    <div class=\"article--date-event color-3\">\n                                        18 Ao\u00fbt 2022                                    <\/div>\n\n                                    <h3>Archives du brevet de grand gibier jusqu&#039;en 2022<\/h3>\n\n                                    <p class=\"article--excerpt\">\n                                                                            <\/p>\n\n                                    \n                                    <div class=\"article--link\">\n                                        <a href=\"https:\/\/www.ancgg.org\/ad44\/archives-du-brevet-de-grand-gibier-jusquen-2022\/\" class=\"btn-style-1\">\n                                            Lire la suite                                        <\/a>\n                                    <\/div>\n                                <\/div>\n                            <\/div>\n                        <\/div>\n                                    <\/div>\n\n                            <div class=\"elt_link\">\n                    <a href=\"https:\/\/www.ancgg.org\/ad44\/actualites\/\" class=\"btn-style-1\">\n                        Toutes les actualit\u00e9s                    <\/a>\n                <\/div>\n                        <\/div>\n    <\/div>\n    [\/vc_column][\/vc_row]<\/p>\n<\/div>","protected":false},"excerpt":{"rendered":"<p>[vc_row][vc_column][vc_empty_space][\/vc_column][\/vc_row][vc_row][vc_column][vc_column_text]Le Brevet Grand Gibier comporte deux \u00e9preuves : une \u00e9preuve th\u00e9orique de contr\u00f4le des connaissances sur diapositives avec questions \u00e0 choix multiple, une \u00e9preuve pratique (tir, arc ou v\u00e9nerie). Il est possible de passer plusieurs \u00e9preuves pratiques. [\/vc_column_text][vc_empty_space][\/vc_column][\/vc_row][vc_row][vc_column][\/vc_column][\/vc_row]<\/p>\n","protected":false},"author":3,"featured_media":0,"parent":0,"menu_order":0,"comment_status":"closed","ping_status":"closed","template":"","meta":{"_acf_changed":false,"footnotes":""},"class_list":["post-384","page","type-page","status-publish","hentry"],"acf":[],"yoast_head":"<!-- This site is optimized with the Yoast SEO plugin v27.4 - https:\/\/yoast.com\/product\/yoast-seo-wordpress\/ -->\n<title>Brevet Grand Gibier - Association D\u00e9partementale des Chasseurs de Grand Gibier de Loire-Atlantique<\/title>\n<meta name=\"robots\" content=\"index, follow, max-snippet:-1, max-image-preview:large, max-video-preview:-1\" \/>\n<link rel=\"canonical\" href=\"https:\/\/www.ancgg.org\/ad44\/brevet-grand-gibier\/\" \/>\n<meta property=\"og:locale\" content=\"fr_FR\" \/>\n<meta property=\"og:type\" content=\"article\" \/>\n<meta property=\"og:title\" content=\"Brevet Grand Gibier - Association D\u00e9partementale des Chasseurs de Grand Gibier de Loire-Atlantique\" \/>\n<meta property=\"og:description\" content=\"[vc_row][vc_column][vc_empty_space][\/vc_column][\/vc_row][vc_row][vc_column][vc_column_text]Le Brevet Grand Gibier comporte deux \u00e9preuves : une \u00e9preuve th\u00e9orique de contr\u00f4le des connaissances sur diapositives avec questions \u00e0 choix multiple, une \u00e9preuve pratique (tir, arc ou v\u00e9nerie). Il est possible de passer plusieurs \u00e9preuves pratiques. [\/vc_column_text][vc_empty_space][\/vc_column][\/vc_row][vc_row][vc_column][\/vc_column][\/vc_row]\" \/>\n<meta property=\"og:url\" content=\"https:\/\/www.ancgg.org\/ad44\/brevet-grand-gibier\/\" \/>\n<meta property=\"og:site_name\" content=\"Association D\u00e9partementale des Chasseurs de Grand Gibier de Loire-Atlantique\" \/>\n<meta property=\"article:modified_time\" content=\"2024-03-13T11:29:06+00:00\" \/>\n<meta name=\"twitter:card\" content=\"summary_large_image\" \/>\n<meta name=\"twitter:label1\" content=\"Dur\u00e9e de lecture estim\u00e9e\" \/>\n\t<meta name=\"twitter:data1\" content=\"1 minute\" \/>\n<script type=\"application\/ld+json\" class=\"yoast-schema-graph\">{\"@context\":\"https:\\\/\\\/schema.org\",\"@graph\":[{\"@type\":\"WebPage\",\"@id\":\"https:\\\/\\\/www.ancgg.org\\\/ad44\\\/brevet-grand-gibier\\\/\",\"url\":\"https:\\\/\\\/www.ancgg.org\\\/ad44\\\/brevet-grand-gibier\\\/\",\"name\":\"Brevet Grand Gibier - Association D\u00e9partementale des Chasseurs de Grand Gibier de Loire-Atlantique\",\"isPartOf\":{\"@id\":\"https:\\\/\\\/www.ancgg.org\\\/ad44\\\/#website\"},\"datePublished\":\"2023-06-02T10:37:33+00:00\",\"dateModified\":\"2024-03-13T11:29:06+00:00\",\"breadcrumb\":{\"@id\":\"https:\\\/\\\/www.ancgg.org\\\/ad44\\\/brevet-grand-gibier\\\/#breadcrumb\"},\"inLanguage\":\"fr-FR\",\"potentialAction\":[{\"@type\":\"ReadAction\",\"target\":[\"https:\\\/\\\/www.ancgg.org\\\/ad44\\\/brevet-grand-gibier\\\/\"]}]},{\"@type\":\"BreadcrumbList\",\"@id\":\"https:\\\/\\\/www.ancgg.org\\\/ad44\\\/brevet-grand-gibier\\\/#breadcrumb\",\"itemListElement\":[{\"@type\":\"ListItem\",\"position\":1,\"name\":\"Accueil\",\"item\":\"https:\\\/\\\/www.ancgg.org\\\/ad44\\\/\"},{\"@type\":\"ListItem\",\"position\":2,\"name\":\"Brevet Grand Gibier\"}]},{\"@type\":\"WebSite\",\"@id\":\"https:\\\/\\\/www.ancgg.org\\\/ad44\\\/#website\",\"url\":\"https:\\\/\\\/www.ancgg.org\\\/ad44\\\/\",\"name\":\"Association D\u00e9partementale des Chasseurs de Grand Gibier de Loire-Atlantique\",\"description\":\"\",\"potentialAction\":[{\"@type\":\"SearchAction\",\"target\":{\"@type\":\"EntryPoint\",\"urlTemplate\":\"https:\\\/\\\/www.ancgg.org\\\/ad44\\\/?s={search_term_string}\"},\"query-input\":{\"@type\":\"PropertyValueSpecification\",\"valueRequired\":true,\"valueName\":\"search_term_string\"}}],\"inLanguage\":\"fr-FR\"}]}<\/script>\n<!-- \/ Yoast SEO plugin. -->","yoast_head_json":{"title":"Brevet Grand Gibier - Association D\u00e9partementale des Chasseurs de Grand Gibier de Loire-Atlantique","robots":{"index":"index","follow":"follow","max-snippet":"max-snippet:-1","max-image-preview":"max-image-preview:large","max-video-preview":"max-video-preview:-1"},"canonical":"https:\/\/www.ancgg.org\/ad44\/brevet-grand-gibier\/","og_locale":"fr_FR","og_type":"article","og_title":"Brevet Grand Gibier - Association D\u00e9partementale des Chasseurs de Grand Gibier de Loire-Atlantique","og_description":"[vc_row][vc_column][vc_empty_space][\/vc_column][\/vc_row][vc_row][vc_column][vc_column_text]Le Brevet Grand Gibier comporte deux \u00e9preuves : une \u00e9preuve th\u00e9orique de contr\u00f4le des connaissances sur diapositives avec questions \u00e0 choix multiple, une \u00e9preuve pratique (tir, arc ou v\u00e9nerie). Il est possible de passer plusieurs \u00e9preuves pratiques. [\/vc_column_text][vc_empty_space][\/vc_column][\/vc_row][vc_row][vc_column][\/vc_column][\/vc_row]","og_url":"https:\/\/www.ancgg.org\/ad44\/brevet-grand-gibier\/","og_site_name":"Association D\u00e9partementale des Chasseurs de Grand Gibier de Loire-Atlantique","article_modified_time":"2024-03-13T11:29:06+00:00","twitter_card":"summary_large_image","twitter_misc":{"Dur\u00e9e de lecture estim\u00e9e":"1 minute"},"schema":{"@context":"https:\/\/schema.org","@graph":[{"@type":"WebPage","@id":"https:\/\/www.ancgg.org\/ad44\/brevet-grand-gibier\/","url":"https:\/\/www.ancgg.org\/ad44\/brevet-grand-gibier\/","name":"Brevet Grand Gibier - Association D\u00e9partementale des Chasseurs de Grand Gibier de Loire-Atlantique","isPartOf":{"@id":"https:\/\/www.ancgg.org\/ad44\/#website"},"datePublished":"2023-06-02T10:37:33+00:00","dateModified":"2024-03-13T11:29:06+00:00","breadcrumb":{"@id":"https:\/\/www.ancgg.org\/ad44\/brevet-grand-gibier\/#breadcrumb"},"inLanguage":"fr-FR","potentialAction":[{"@type":"ReadAction","target":["https:\/\/www.ancgg.org\/ad44\/brevet-grand-gibier\/"]}]},{"@type":"BreadcrumbList","@id":"https:\/\/www.ancgg.org\/ad44\/brevet-grand-gibier\/#breadcrumb","itemListElement":[{"@type":"ListItem","position":1,"name":"Accueil","item":"https:\/\/www.ancgg.org\/ad44\/"},{"@type":"ListItem","position":2,"name":"Brevet Grand Gibier"}]},{"@type":"WebSite","@id":"https:\/\/www.ancgg.org\/ad44\/#website","url":"https:\/\/www.ancgg.org\/ad44\/","name":"Association D\u00e9partementale des Chasseurs de Grand Gibier de Loire-Atlantique","description":"","potentialAction":[{"@type":"SearchAction","target":{"@type":"EntryPoint","urlTemplate":"https:\/\/www.ancgg.org\/ad44\/?s={search_term_string}"},"query-input":{"@type":"PropertyValueSpecification","valueRequired":true,"valueName":"search_term_string"}}],"inLanguage":"fr-FR"}]}},"_links":{"self":[{"href":"https:\/\/www.ancgg.org\/ad44\/wp-json\/wp\/v2\/pages\/384","targetHints":{"allow":["GET"]}}],"collection":[{"href":"https:\/\/www.ancgg.org\/ad44\/wp-json\/wp\/v2\/pages"}],"about":[{"href":"https:\/\/www.ancgg.org\/ad44\/wp-json\/wp\/v2\/types\/page"}],"author":[{"embeddable":true,"href":"https:\/\/www.ancgg.org\/ad44\/wp-json\/wp\/v2\/users\/3"}],"replies":[{"embeddable":true,"href":"https:\/\/www.ancgg.org\/ad44\/wp-json\/wp\/v2\/comments?post=384"}],"version-history":[{"count":6,"href":"https:\/\/www.ancgg.org\/ad44\/wp-json\/wp\/v2\/pages\/384\/revisions"}],"predecessor-version":[{"id":561,"href":"https:\/\/www.ancgg.org\/ad44\/wp-json\/wp\/v2\/pages\/384\/revisions\/561"}],"wp:attachment":[{"href":"https:\/\/www.ancgg.org\/ad44\/wp-json\/wp\/v2\/media?parent=384"}],"curies":[{"name":"wp","href":"https:\/\/api.w.org\/{rel}","templated":true}]}}