{"id":87,"date":"2020-10-07T15:20:19","date_gmt":"2020-10-07T13:20:19","guid":{"rendered":"https:\/\/www.ancgg.org\/ad64\/?page_id=87"},"modified":"2023-07-24T18:17:44","modified_gmt":"2023-07-24T16:17:44","slug":"presentation","status":"publish","type":"page","link":"https:\/\/www.ancgg.org\/ad64\/presentation\/","title":{"rendered":"Pr\u00e9sentation"},"content":{"rendered":"<div class=\"wpb-content-wrapper\"><p>[vc_row][vc_column][vc_empty_space][\/vc_column][\/vc_row][vc_row][vc_column width=\u00a0\u00bb1\/2&Prime;][vc_column_text]<span style=\"color: #008000;\">L&rsquo;Association D\u00e9partementale des Chasseurs de Grand Gibier des Pyr\u00e9n\u00e9es Atlantiques (ADCGG 64) rattach\u00e9e \u00e0 l&rsquo;Association Nationale (ANCGG) a \u00e9t\u00e9 cr\u00e9\u00e9e en 2001.<\/span><\/p>\n<p><span style=\"color: #008000;\"><strong>Notre association<\/strong> a pour objectif de rassembler les chasseurs de Grand Gibier, afin que leur action personnelle et \u00e9ducatrice des autres chasseurs et amis de la nature permette :<\/span><\/p>\n<p>&nbsp;<\/p>\n<p>&nbsp;<\/p>\n<p><img loading=\"lazy\" decoding=\"async\" class=\"wp-image-636 aligncenter\" src=\"https:\/\/www.ancgg.org\/ad64\/wp-content\/uploads\/sites\/67\/2021\/12\/FaonChe5-600x400.jpg\" alt=\"\" width=\"297\" height=\"198\" srcset=\"https:\/\/www.ancgg.org\/ad64\/wp-content\/uploads\/sites\/67\/2021\/12\/FaonChe5-600x400.jpg 600w, https:\/\/www.ancgg.org\/ad64\/wp-content\/uploads\/sites\/67\/2021\/12\/FaonChe5-1200x800.jpg 1200w, https:\/\/www.ancgg.org\/ad64\/wp-content\/uploads\/sites\/67\/2021\/12\/FaonChe5-768x512.jpg 768w, https:\/\/www.ancgg.org\/ad64\/wp-content\/uploads\/sites\/67\/2021\/12\/FaonChe5-1536x1024.jpg 1536w, https:\/\/www.ancgg.org\/ad64\/wp-content\/uploads\/sites\/67\/2021\/12\/FaonChe5-2048x1365.jpg 2048w, https:\/\/www.ancgg.org\/ad64\/wp-content\/uploads\/sites\/67\/2021\/12\/FaonChe5-150x100.jpg 150w, https:\/\/www.ancgg.org\/ad64\/wp-content\/uploads\/sites\/67\/2021\/12\/FaonChe5-75x50.jpg 75w, https:\/\/www.ancgg.org\/ad64\/wp-content\/uploads\/sites\/67\/2021\/12\/FaonChe5-24x16.jpg 24w, https:\/\/www.ancgg.org\/ad64\/wp-content\/uploads\/sites\/67\/2021\/12\/FaonChe5-36x24.jpg 36w, https:\/\/www.ancgg.org\/ad64\/wp-content\/uploads\/sites\/67\/2021\/12\/FaonChe5-48x32.jpg 48w\" sizes=\"auto, (max-width: 297px) 100vw, 297px\" \/><\/p>\n<p><span class=\"editor-fontsize-up-3\" style=\"color: #008000; font-size: 10pt;\"><b><u>Son r\u00f4le est de<\/u>:<\/b><\/span><\/p>\n<ul>\n<li><span class=\"editor-fontsize-up-3 editor-fontsize-up-4\" style=\"color: #008000; font-size: 12pt;\"><span style=\"font-family: Calibri, sans-serif;\"><span style=\"text-decoration: underline;\"><strong>Repr\u00e9senter<\/strong><\/span> les chasseurs de Grand Gibier au sein de diff\u00e9rentes instances d\u00e9partementales.<\/span><\/span><\/li>\n<li><span class=\"editor-fontsize-up-3 editor-fontsize-up-4\" style=\"color: #008000; font-size: 12pt;\"><span style=\"font-family: Calibri, sans-serif;\"><span style=\"text-decoration: underline;\"><strong>Promouvoir<\/strong><\/span> une chasse rationnelle, une gestion quantitative et qualitative des populations de Grand Gibier ainsi que la recherche au sang des animaux bless\u00e9s.<\/span><\/span><\/li>\n<li><span class=\"editor-fontsize-up-3 editor-fontsize-up-4\" style=\"color: #008000; font-size: 12pt;\"><span style=\"font-family: Calibri, sans-serif;\"><strong><span style=\"text-decoration: underline;\">Permettre<\/span><\/strong> aux chasseurs qui le souhaitent d\u2019acqu\u00e9rir le meilleur niveau possible de connaissances:<\/span><\/span>\n<ul>\n<li><span class=\"editor-fontsize-up-3\" style=\"color: #008000; font-size: 10pt;\">des esp\u00e8ces, de la flore et la for\u00eat<\/span><\/li>\n<li><span class=\"editor-fontsize-up-3\" style=\"color: #008000; font-size: 10pt;\">en maladies qui frappent les cerfs, chevreuils,sangliers,isards,mouflons<\/span><\/li>\n<li><span class=\"editor-fontsize-up-3\" style=\"color: #008000; font-size: 10pt;\">des divers modes de chasse du Grand Gibier ( battue, approche, aff\u00fbt, \u00e0 l&rsquo;arc) et la v\u00e9nerie<\/span><\/li>\n<li><span class=\"editor-fontsize-up-3\" style=\"color: #008000; font-size: 10pt;\">de S\u00e9curit\u00e9, pr\u00e9vention et organisation des battues<\/span><\/li>\n<li><span class=\"editor-fontsize-up-3\" style=\"color: #008000; font-size: 10pt;\">de la balistique, de l&rsquo;armement et des optiques <\/span><\/li>\n<\/ul>\n<\/li>\n<\/ul>\n<p><span class=\"editor-fontsize-up-3\" style=\"font-size: 12pt;\"><span style=\"color: #008000;\">L&rsquo;ADCGG 64 compte \u00e9galement dans ses rangs plusieurs personnes qualifi\u00e9es pour effectuer la cotation des troph\u00e9es. Comp\u00e9tence importante pour le suivi des<\/span> populations.<\/span>[\/vc_column_text][\/vc_column][vc_column width=\u00a0\u00bb1\/2&Prime;][vc_single_image image=\u00a0\u00bb797&Prime; alignment=\u00a0\u00bbcenter\u00a0\u00bb][vc_column_text]<\/p>\n<ul>\n<li>\n<p style=\"text-align: left;\" align=\"LEFT\"><span class=\"editor-fontsize-up-3\" style=\"color: #008000; font-size: 12pt;\"><b>de maintenir<\/b> dans tous les massifs bois\u00e9s une vie animale aussi vari\u00e9e et abondante en respect d&rsquo;un l\u2019\u00e9quilibre agro-sylvo-cyn\u00e9g\u00e9tique.<\/span><\/p>\n<\/li>\n<li>\n<p style=\"text-align: left;\" align=\"LEFT\"><span class=\"editor-fontsize-up-3\" style=\"color: #008000; font-size: 12pt;\"><b>d\u2019acqu\u00e9rir<\/b>, puis de donner l\u2019exemple d\u2019une comp\u00e9tence et d\u2019une sportivit\u00e9 qui doivent constituer l\u2019id\u00e9al du chasseur de Grand Gibier moderne.<\/span><\/p>\n<\/li>\n<\/ul>\n<p>[\/vc_column_text][\/vc_column][\/vc_row]<\/p>\n<\/div>","protected":false},"excerpt":{"rendered":"<p>[vc_row][vc_column][vc_empty_space][\/vc_column][\/vc_row][vc_row][vc_column width=\u00a0\u00bb1\/2&Prime;][vc_column_text]L&rsquo;Association D\u00e9partementale des Chasseurs de Grand Gibier des Pyr\u00e9n\u00e9es Atlantiques (ADCGG 64) rattach\u00e9e \u00e0 l&rsquo;Association Nationale (ANCGG) a \u00e9t\u00e9 cr\u00e9\u00e9e en 2001. Notre association a pour objectif de rassembler les chasseurs de Grand Gibier, afin que leur action personnelle et \u00e9ducatrice des autres chasseurs et amis de la nature permette : &nbsp; &nbsp; Son [&hellip;]<\/p>\n","protected":false},"author":1,"featured_media":0,"parent":0,"menu_order":3,"comment_status":"closed","ping_status":"closed","template":"","meta":{"_acf_changed":false,"footnotes":""},"class_list":["post-87","page","type-page","status-publish","hentry"],"acf":[],"yoast_head":"<!-- This site is optimized with the Yoast SEO plugin v27.5 - https:\/\/yoast.com\/product\/yoast-seo-wordpress\/ -->\n<title>Pr\u00e9sentation - Association D\u00e9partementale des Chasseurs de Grand Gibier des Pyr\u00e9n\u00e9es Atlantiques<\/title>\n<meta name=\"robots\" content=\"noindex, follow, max-snippet:-1, max-image-preview:large, max-video-preview:-1\" \/>\n<meta property=\"og:locale\" content=\"fr_FR\" \/>\n<meta property=\"og:type\" content=\"article\" \/>\n<meta property=\"og:title\" content=\"Pr\u00e9sentation - Association D\u00e9partementale des Chasseurs de Grand Gibier des Pyr\u00e9n\u00e9es Atlantiques\" \/>\n<meta property=\"og:description\" content=\"[vc_row][vc_column][vc_empty_space][\/vc_column][\/vc_row][vc_row][vc_column width=\u00a0\u00bb1\/2&Prime;][vc_column_text]L&rsquo;Association D\u00e9partementale des Chasseurs de Grand Gibier des Pyr\u00e9n\u00e9es Atlantiques (ADCGG 64) rattach\u00e9e \u00e0 l&rsquo;Association Nationale (ANCGG) a \u00e9t\u00e9 cr\u00e9\u00e9e en 2001. Notre association a pour objectif de rassembler les chasseurs de Grand Gibier, afin que leur action personnelle et \u00e9ducatrice des autres chasseurs et amis de la nature permette : &nbsp; &nbsp; Son [&hellip;]\" \/>\n<meta property=\"og:url\" content=\"https:\/\/www.ancgg.org\/ad64\/presentation\/\" \/>\n<meta property=\"og:site_name\" content=\"Association D\u00e9partementale des Chasseurs de Grand Gibier des Pyr\u00e9n\u00e9es Atlantiques\" \/>\n<meta property=\"article:modified_time\" content=\"2023-07-24T16:17:44+00:00\" \/>\n<meta property=\"og:image\" content=\"https:\/\/www.ancgg.org\/ad64\/wp-content\/uploads\/sites\/67\/2021\/12\/FaonChe5-600x400.jpg\" \/>\n<meta name=\"twitter:card\" content=\"summary_large_image\" \/>\n<meta name=\"twitter:label1\" content=\"Dur\u00e9e de lecture estim\u00e9e\" \/>\n\t<meta name=\"twitter:data1\" content=\"2 minutes\" \/>\n<script type=\"application\/ld+json\" class=\"yoast-schema-graph\">{\"@context\":\"https:\\\/\\\/schema.org\",\"@graph\":[{\"@type\":\"WebPage\",\"@id\":\"https:\\\/\\\/www.ancgg.org\\\/ad64\\\/presentation\\\/\",\"url\":\"https:\\\/\\\/www.ancgg.org\\\/ad64\\\/presentation\\\/\",\"name\":\"Pr\u00e9sentation - Association D\u00e9partementale des Chasseurs de Grand Gibier des Pyr\u00e9n\u00e9es Atlantiques\",\"isPartOf\":{\"@id\":\"https:\\\/\\\/www.ancgg.org\\\/ad64\\\/#website\"},\"primaryImageOfPage\":{\"@id\":\"https:\\\/\\\/www.ancgg.org\\\/ad64\\\/presentation\\\/#primaryimage\"},\"image\":{\"@id\":\"https:\\\/\\\/www.ancgg.org\\\/ad64\\\/presentation\\\/#primaryimage\"},\"thumbnailUrl\":\"https:\\\/\\\/www.ancgg.org\\\/ad64\\\/wp-content\\\/uploads\\\/sites\\\/67\\\/2021\\\/12\\\/FaonChe5-600x400.jpg\",\"datePublished\":\"2020-10-07T13:20:19+00:00\",\"dateModified\":\"2023-07-24T16:17:44+00:00\",\"breadcrumb\":{\"@id\":\"https:\\\/\\\/www.ancgg.org\\\/ad64\\\/presentation\\\/#breadcrumb\"},\"inLanguage\":\"fr-FR\",\"potentialAction\":[{\"@type\":\"ReadAction\",\"target\":[\"https:\\\/\\\/www.ancgg.org\\\/ad64\\\/presentation\\\/\"]}]},{\"@type\":\"ImageObject\",\"inLanguage\":\"fr-FR\",\"@id\":\"https:\\\/\\\/www.ancgg.org\\\/ad64\\\/presentation\\\/#primaryimage\",\"url\":\"https:\\\/\\\/www.ancgg.org\\\/ad64\\\/wp-content\\\/uploads\\\/sites\\\/67\\\/2021\\\/12\\\/FaonChe5-scaled.jpg\",\"contentUrl\":\"https:\\\/\\\/www.ancgg.org\\\/ad64\\\/wp-content\\\/uploads\\\/sites\\\/67\\\/2021\\\/12\\\/FaonChe5-scaled.jpg\",\"width\":2560,\"height\":1707},{\"@type\":\"BreadcrumbList\",\"@id\":\"https:\\\/\\\/www.ancgg.org\\\/ad64\\\/presentation\\\/#breadcrumb\",\"itemListElement\":[{\"@type\":\"ListItem\",\"position\":1,\"name\":\"Accueil\",\"item\":\"https:\\\/\\\/www.ancgg.org\\\/ad64\\\/\"},{\"@type\":\"ListItem\",\"position\":2,\"name\":\"Pr\u00e9sentation\"}]},{\"@type\":\"WebSite\",\"@id\":\"https:\\\/\\\/www.ancgg.org\\\/ad64\\\/#website\",\"url\":\"https:\\\/\\\/www.ancgg.org\\\/ad64\\\/\",\"name\":\"Association D\u00e9partementale des Chasseurs de Grand Gibier des Pyr\u00e9n\u00e9es Atlantiques\",\"description\":\"\",\"potentialAction\":[{\"@type\":\"SearchAction\",\"target\":{\"@type\":\"EntryPoint\",\"urlTemplate\":\"https:\\\/\\\/www.ancgg.org\\\/ad64\\\/?s={search_term_string}\"},\"query-input\":{\"@type\":\"PropertyValueSpecification\",\"valueRequired\":true,\"valueName\":\"search_term_string\"}}],\"inLanguage\":\"fr-FR\"}]}<\/script>\n<!-- \/ Yoast SEO plugin. -->","yoast_head_json":{"title":"Pr\u00e9sentation - Association D\u00e9partementale des Chasseurs de Grand Gibier des Pyr\u00e9n\u00e9es Atlantiques","robots":{"index":"noindex","follow":"follow","max-snippet":"max-snippet:-1","max-image-preview":"max-image-preview:large","max-video-preview":"max-video-preview:-1"},"og_locale":"fr_FR","og_type":"article","og_title":"Pr\u00e9sentation - Association D\u00e9partementale des Chasseurs de Grand Gibier des Pyr\u00e9n\u00e9es Atlantiques","og_description":"[vc_row][vc_column][vc_empty_space][\/vc_column][\/vc_row][vc_row][vc_column width=\u00a0\u00bb1\/2&Prime;][vc_column_text]L&rsquo;Association D\u00e9partementale des Chasseurs de Grand Gibier des Pyr\u00e9n\u00e9es Atlantiques (ADCGG 64) rattach\u00e9e \u00e0 l&rsquo;Association Nationale (ANCGG) a \u00e9t\u00e9 cr\u00e9\u00e9e en 2001. Notre association a pour objectif de rassembler les chasseurs de Grand Gibier, afin que leur action personnelle et \u00e9ducatrice des autres chasseurs et amis de la nature permette : &nbsp; &nbsp; Son [&hellip;]","og_url":"https:\/\/www.ancgg.org\/ad64\/presentation\/","og_site_name":"Association D\u00e9partementale des Chasseurs de Grand Gibier des Pyr\u00e9n\u00e9es Atlantiques","article_modified_time":"2023-07-24T16:17:44+00:00","og_image":[{"url":"https:\/\/www.ancgg.org\/ad64\/wp-content\/uploads\/sites\/67\/2021\/12\/FaonChe5-600x400.jpg","type":"","width":"","height":""}],"twitter_card":"summary_large_image","twitter_misc":{"Dur\u00e9e de lecture estim\u00e9e":"2 minutes"},"schema":{"@context":"https:\/\/schema.org","@graph":[{"@type":"WebPage","@id":"https:\/\/www.ancgg.org\/ad64\/presentation\/","url":"https:\/\/www.ancgg.org\/ad64\/presentation\/","name":"Pr\u00e9sentation - Association D\u00e9partementale des Chasseurs de Grand Gibier des Pyr\u00e9n\u00e9es Atlantiques","isPartOf":{"@id":"https:\/\/www.ancgg.org\/ad64\/#website"},"primaryImageOfPage":{"@id":"https:\/\/www.ancgg.org\/ad64\/presentation\/#primaryimage"},"image":{"@id":"https:\/\/www.ancgg.org\/ad64\/presentation\/#primaryimage"},"thumbnailUrl":"https:\/\/www.ancgg.org\/ad64\/wp-content\/uploads\/sites\/67\/2021\/12\/FaonChe5-600x400.jpg","datePublished":"2020-10-07T13:20:19+00:00","dateModified":"2023-07-24T16:17:44+00:00","breadcrumb":{"@id":"https:\/\/www.ancgg.org\/ad64\/presentation\/#breadcrumb"},"inLanguage":"fr-FR","potentialAction":[{"@type":"ReadAction","target":["https:\/\/www.ancgg.org\/ad64\/presentation\/"]}]},{"@type":"ImageObject","inLanguage":"fr-FR","@id":"https:\/\/www.ancgg.org\/ad64\/presentation\/#primaryimage","url":"https:\/\/www.ancgg.org\/ad64\/wp-content\/uploads\/sites\/67\/2021\/12\/FaonChe5-scaled.jpg","contentUrl":"https:\/\/www.ancgg.org\/ad64\/wp-content\/uploads\/sites\/67\/2021\/12\/FaonChe5-scaled.jpg","width":2560,"height":1707},{"@type":"BreadcrumbList","@id":"https:\/\/www.ancgg.org\/ad64\/presentation\/#breadcrumb","itemListElement":[{"@type":"ListItem","position":1,"name":"Accueil","item":"https:\/\/www.ancgg.org\/ad64\/"},{"@type":"ListItem","position":2,"name":"Pr\u00e9sentation"}]},{"@type":"WebSite","@id":"https:\/\/www.ancgg.org\/ad64\/#website","url":"https:\/\/www.ancgg.org\/ad64\/","name":"Association D\u00e9partementale des Chasseurs de Grand Gibier des Pyr\u00e9n\u00e9es Atlantiques","description":"","potentialAction":[{"@type":"SearchAction","target":{"@type":"EntryPoint","urlTemplate":"https:\/\/www.ancgg.org\/ad64\/?s={search_term_string}"},"query-input":{"@type":"PropertyValueSpecification","valueRequired":true,"valueName":"search_term_string"}}],"inLanguage":"fr-FR"}]}},"_links":{"self":[{"href":"https:\/\/www.ancgg.org\/ad64\/wp-json\/wp\/v2\/pages\/87","targetHints":{"allow":["GET"]}}],"collection":[{"href":"https:\/\/www.ancgg.org\/ad64\/wp-json\/wp\/v2\/pages"}],"about":[{"href":"https:\/\/www.ancgg.org\/ad64\/wp-json\/wp\/v2\/types\/page"}],"author":[{"embeddable":true,"href":"https:\/\/www.ancgg.org\/ad64\/wp-json\/wp\/v2\/users\/1"}],"replies":[{"embeddable":true,"href":"https:\/\/www.ancgg.org\/ad64\/wp-json\/wp\/v2\/comments?post=87"}],"version-history":[{"count":37,"href":"https:\/\/www.ancgg.org\/ad64\/wp-json\/wp\/v2\/pages\/87\/revisions"}],"predecessor-version":[{"id":899,"href":"https:\/\/www.ancgg.org\/ad64\/wp-json\/wp\/v2\/pages\/87\/revisions\/899"}],"wp:attachment":[{"href":"https:\/\/www.ancgg.org\/ad64\/wp-json\/wp\/v2\/media?parent=87"}],"curies":[{"name":"wp","href":"https:\/\/api.w.org\/{rel}","templated":true}]}}