{"id":317,"date":"2023-06-04T10:08:50","date_gmt":"2023-06-04T08:08:50","guid":{"rendered":"https:\/\/www.ancgg.org\/ad67\/?page_id=317"},"modified":"2024-08-26T17:31:48","modified_gmt":"2024-08-26T15:31:48","slug":"brevet-grand-gibier","status":"publish","type":"page","link":"https:\/\/www.ancgg.org\/ad67\/brevet-grand-gibier\/","title":{"rendered":"Brevet Grand Gibier"},"content":{"rendered":"<div class=\"wpb-content-wrapper\"><p>[vc_row][vc_column][vc_empty_space][\/vc_column][\/vc_row][vc_row][vc_column][vc_column_text]Le Brevet Grand Gibier comporte deux \u00e9preuves :<\/p>\n<ul>\n<li>une \u00e9preuve th\u00e9orique de contr\u00f4le des connaissances sur diapositives avec questions \u00e0 choix multiple,<\/li>\n<li>une \u00e9preuve pratique (tir, arc ou v\u00e9nerie). Il est possible de passer plusieurs \u00e9preuves pratiques.<\/li>\n<\/ul>\n<p>[\/vc_column_text][\/vc_column][\/vc_row][vc_row][vc_column][vc_empty_space][\/vc_column][\/vc_row][vc_row][vc_column]    <div class=\"wp-last-news-block\">\n        <div class=\"wp-last-news-block-inner articles-list\">\n            <span class=\"elt_title color-3 h1\"><\/span>\n\n            <div class=\"list\">\n                            <\/div>\n\n                            <div class=\"elt_link\">\n                    <a href=\"https:\/\/www.ancgg.org\/ad67\/actualites\/\" class=\"btn-style-1\">\n                        Toutes les actualit\u00e9s                    <\/a>\n                <\/div>\n                        <\/div>\n    <\/div>\n    [\/vc_column][\/vc_row]<\/p>\n<\/div>","protected":false},"excerpt":{"rendered":"<p>[vc_row][vc_column][vc_empty_space][\/vc_column][\/vc_row][vc_row][vc_column][vc_column_text]Le Brevet Grand Gibier comporte deux \u00e9preuves : une \u00e9preuve th\u00e9orique de contr\u00f4le des connaissances sur diapositives avec questions \u00e0 choix multiple, une \u00e9preuve pratique (tir, arc ou v\u00e9nerie). Il est possible de passer plusieurs \u00e9preuves pratiques. [\/vc_column_text][\/vc_column][\/vc_row][vc_row][vc_column][vc_empty_space][\/vc_column][\/vc_row][vc_row][vc_column][\/vc_column][\/vc_row]<\/p>\n","protected":false},"author":3,"featured_media":0,"parent":0,"menu_order":0,"comment_status":"closed","ping_status":"closed","template":"","meta":{"_acf_changed":false,"footnotes":""},"class_list":["post-317","page","type-page","status-publish","hentry"],"acf":[],"yoast_head":"<!-- This site is optimized with the Yoast SEO plugin v27.5 - https:\/\/yoast.com\/product\/yoast-seo-wordpress\/ -->\n<title>Brevet Grand Gibier - Association Bas-Rhinoise des Chasseurs de Grand Gibier<\/title>\n<meta name=\"robots\" content=\"noindex, follow, max-snippet:-1, max-image-preview:large, max-video-preview:-1\" \/>\n<meta property=\"og:locale\" content=\"fr_FR\" \/>\n<meta property=\"og:type\" content=\"article\" \/>\n<meta property=\"og:title\" content=\"Brevet Grand Gibier - Association Bas-Rhinoise des Chasseurs de Grand Gibier\" \/>\n<meta property=\"og:description\" content=\"[vc_row][vc_column][vc_empty_space][\/vc_column][\/vc_row][vc_row][vc_column][vc_column_text]Le Brevet Grand Gibier comporte deux \u00e9preuves : une \u00e9preuve th\u00e9orique de contr\u00f4le des connaissances sur diapositives avec questions \u00e0 choix multiple, une \u00e9preuve pratique (tir, arc ou v\u00e9nerie). Il est possible de passer plusieurs \u00e9preuves pratiques. [\/vc_column_text][\/vc_column][\/vc_row][vc_row][vc_column][vc_empty_space][\/vc_column][\/vc_row][vc_row][vc_column][\/vc_column][\/vc_row]\" \/>\n<meta property=\"og:url\" content=\"https:\/\/www.ancgg.org\/ad67\/brevet-grand-gibier\/\" \/>\n<meta property=\"og:site_name\" content=\"Association Bas-Rhinoise des Chasseurs de Grand Gibier\" \/>\n<meta property=\"article:modified_time\" content=\"2024-08-26T15:31:48+00:00\" \/>\n<meta name=\"twitter:card\" content=\"summary_large_image\" \/>\n<meta name=\"twitter:label1\" content=\"Dur\u00e9e de lecture estim\u00e9e\" \/>\n\t<meta name=\"twitter:data1\" content=\"1 minute\" \/>\n<script type=\"application\/ld+json\" class=\"yoast-schema-graph\">{\"@context\":\"https:\\\/\\\/schema.org\",\"@graph\":[{\"@type\":\"WebPage\",\"@id\":\"https:\\\/\\\/www.ancgg.org\\\/ad67\\\/brevet-grand-gibier\\\/\",\"url\":\"https:\\\/\\\/www.ancgg.org\\\/ad67\\\/brevet-grand-gibier\\\/\",\"name\":\"Brevet Grand Gibier - Association Bas-Rhinoise des Chasseurs de Grand Gibier\",\"isPartOf\":{\"@id\":\"https:\\\/\\\/www.ancgg.org\\\/ad67\\\/#website\"},\"datePublished\":\"2023-06-04T08:08:50+00:00\",\"dateModified\":\"2024-08-26T15:31:48+00:00\",\"breadcrumb\":{\"@id\":\"https:\\\/\\\/www.ancgg.org\\\/ad67\\\/brevet-grand-gibier\\\/#breadcrumb\"},\"inLanguage\":\"fr-FR\",\"potentialAction\":[{\"@type\":\"ReadAction\",\"target\":[\"https:\\\/\\\/www.ancgg.org\\\/ad67\\\/brevet-grand-gibier\\\/\"]}]},{\"@type\":\"BreadcrumbList\",\"@id\":\"https:\\\/\\\/www.ancgg.org\\\/ad67\\\/brevet-grand-gibier\\\/#breadcrumb\",\"itemListElement\":[{\"@type\":\"ListItem\",\"position\":1,\"name\":\"Accueil\",\"item\":\"https:\\\/\\\/www.ancgg.org\\\/ad67\\\/\"},{\"@type\":\"ListItem\",\"position\":2,\"name\":\"Brevet Grand Gibier\"}]},{\"@type\":\"WebSite\",\"@id\":\"https:\\\/\\\/www.ancgg.org\\\/ad67\\\/#website\",\"url\":\"https:\\\/\\\/www.ancgg.org\\\/ad67\\\/\",\"name\":\"Association Bas-Rhinoise des Chasseurs de Grand Gibier\",\"description\":\"\",\"potentialAction\":[{\"@type\":\"SearchAction\",\"target\":{\"@type\":\"EntryPoint\",\"urlTemplate\":\"https:\\\/\\\/www.ancgg.org\\\/ad67\\\/?s={search_term_string}\"},\"query-input\":{\"@type\":\"PropertyValueSpecification\",\"valueRequired\":true,\"valueName\":\"search_term_string\"}}],\"inLanguage\":\"fr-FR\"}]}<\/script>\n<!-- \/ Yoast SEO plugin. -->","yoast_head_json":{"title":"Brevet Grand Gibier - Association Bas-Rhinoise des Chasseurs de Grand Gibier","robots":{"index":"noindex","follow":"follow","max-snippet":"max-snippet:-1","max-image-preview":"max-image-preview:large","max-video-preview":"max-video-preview:-1"},"og_locale":"fr_FR","og_type":"article","og_title":"Brevet Grand Gibier - Association Bas-Rhinoise des Chasseurs de Grand Gibier","og_description":"[vc_row][vc_column][vc_empty_space][\/vc_column][\/vc_row][vc_row][vc_column][vc_column_text]Le Brevet Grand Gibier comporte deux \u00e9preuves : une \u00e9preuve th\u00e9orique de contr\u00f4le des connaissances sur diapositives avec questions \u00e0 choix multiple, une \u00e9preuve pratique (tir, arc ou v\u00e9nerie). Il est possible de passer plusieurs \u00e9preuves pratiques. [\/vc_column_text][\/vc_column][\/vc_row][vc_row][vc_column][vc_empty_space][\/vc_column][\/vc_row][vc_row][vc_column][\/vc_column][\/vc_row]","og_url":"https:\/\/www.ancgg.org\/ad67\/brevet-grand-gibier\/","og_site_name":"Association Bas-Rhinoise des Chasseurs de Grand Gibier","article_modified_time":"2024-08-26T15:31:48+00:00","twitter_card":"summary_large_image","twitter_misc":{"Dur\u00e9e de lecture estim\u00e9e":"1 minute"},"schema":{"@context":"https:\/\/schema.org","@graph":[{"@type":"WebPage","@id":"https:\/\/www.ancgg.org\/ad67\/brevet-grand-gibier\/","url":"https:\/\/www.ancgg.org\/ad67\/brevet-grand-gibier\/","name":"Brevet Grand Gibier - Association Bas-Rhinoise des Chasseurs de Grand Gibier","isPartOf":{"@id":"https:\/\/www.ancgg.org\/ad67\/#website"},"datePublished":"2023-06-04T08:08:50+00:00","dateModified":"2024-08-26T15:31:48+00:00","breadcrumb":{"@id":"https:\/\/www.ancgg.org\/ad67\/brevet-grand-gibier\/#breadcrumb"},"inLanguage":"fr-FR","potentialAction":[{"@type":"ReadAction","target":["https:\/\/www.ancgg.org\/ad67\/brevet-grand-gibier\/"]}]},{"@type":"BreadcrumbList","@id":"https:\/\/www.ancgg.org\/ad67\/brevet-grand-gibier\/#breadcrumb","itemListElement":[{"@type":"ListItem","position":1,"name":"Accueil","item":"https:\/\/www.ancgg.org\/ad67\/"},{"@type":"ListItem","position":2,"name":"Brevet Grand Gibier"}]},{"@type":"WebSite","@id":"https:\/\/www.ancgg.org\/ad67\/#website","url":"https:\/\/www.ancgg.org\/ad67\/","name":"Association Bas-Rhinoise des Chasseurs de Grand Gibier","description":"","potentialAction":[{"@type":"SearchAction","target":{"@type":"EntryPoint","urlTemplate":"https:\/\/www.ancgg.org\/ad67\/?s={search_term_string}"},"query-input":{"@type":"PropertyValueSpecification","valueRequired":true,"valueName":"search_term_string"}}],"inLanguage":"fr-FR"}]}},"_links":{"self":[{"href":"https:\/\/www.ancgg.org\/ad67\/wp-json\/wp\/v2\/pages\/317","targetHints":{"allow":["GET"]}}],"collection":[{"href":"https:\/\/www.ancgg.org\/ad67\/wp-json\/wp\/v2\/pages"}],"about":[{"href":"https:\/\/www.ancgg.org\/ad67\/wp-json\/wp\/v2\/types\/page"}],"author":[{"embeddable":true,"href":"https:\/\/www.ancgg.org\/ad67\/wp-json\/wp\/v2\/users\/3"}],"replies":[{"embeddable":true,"href":"https:\/\/www.ancgg.org\/ad67\/wp-json\/wp\/v2\/comments?post=317"}],"version-history":[{"count":2,"href":"https:\/\/www.ancgg.org\/ad67\/wp-json\/wp\/v2\/pages\/317\/revisions"}],"predecessor-version":[{"id":335,"href":"https:\/\/www.ancgg.org\/ad67\/wp-json\/wp\/v2\/pages\/317\/revisions\/335"}],"wp:attachment":[{"href":"https:\/\/www.ancgg.org\/ad67\/wp-json\/wp\/v2\/media?parent=317"}],"curies":[{"name":"wp","href":"https:\/\/api.w.org\/{rel}","templated":true}]}}