{"id":41,"date":"2020-10-06T16:18:26","date_gmt":"2020-10-06T14:18:26","guid":{"rendered":"https:\/\/www.ancgg.org\/ad67\/?page_id=41"},"modified":"2024-12-17T18:20:40","modified_gmt":"2024-12-17T17:20:40","slug":"association-departementale-des-chasseurs-de-grand-gibier-de-lorne","status":"publish","type":"page","link":"https:\/\/www.ancgg.org\/ad67\/","title":{"rendered":"Association Bas-Rhinoise des Chasseurs de Grand Gibier"},"content":{"rendered":"<div class=\"wpb-content-wrapper\"><p>[vc_row][vc_column][vc_empty_space][\/vc_column][\/vc_row][vc_row][vc_column][vc_column_text]<\/p>\n<p style=\"text-align: center;\">Bonjour et bienvenue sur le site d\u00e9partemental des chasseurs de Grand-Gibier du Bas-Rhin<\/p>\n<p>[\/vc_column_text][\/vc_column][\/vc_row][vc_row][vc_column][vc_empty_space][\/vc_column][\/vc_row][vc_row][vc_column][vc_column_text css_animation=\u00a0\u00bbbounceInRight\u00a0\u00bb][\/vc_column_text][\/vc_column][\/vc_row][vc_row][vc_column][vc_empty_space][\/vc_column][\/vc_row][vc_row][vc_column][vc_single_image image=\u00a0\u00bb313&Prime; img_size=\u00a0\u00bbfull\u00a0\u00bb onclick=\u00a0\u00bbcustom_link\u00a0\u00bb link=\u00a0\u00bbhttp:\/\/www.abrcgg.fr\u00a0\u00bb][\/vc_column][\/vc_row][vc_row][vc_column][vc_empty_space][\/vc_column][\/vc_row][vc_row][vc_column]    <div class=\"wp-last-news-block\">\n        <div class=\"wp-last-news-block-inner articles-list\">\n            <span class=\"elt_title color-3 h1\">Derni\u00e8res actualit\u00e9s<\/span>\n\n            <div class=\"list\">\n                            <\/div>\n\n                            <div class=\"elt_link\">\n                    <a href=\"https:\/\/www.ancgg.org\/ad67\/actualites\/\" class=\"btn-style-1\">\n                        Toutes les actualit\u00e9s                    <\/a>\n                <\/div>\n                        <\/div>\n    <\/div>\n    [\/vc_column][\/vc_row]<\/p>\n<\/div>","protected":false},"excerpt":{"rendered":"<p>[vc_row][vc_column][vc_empty_space][\/vc_column][\/vc_row][vc_row][vc_column][vc_column_text] Bonjour et bienvenue sur le site d\u00e9partemental des chasseurs de Grand-Gibier du Bas-Rhin [\/vc_column_text][\/vc_column][\/vc_row][vc_row][vc_column][vc_empty_space][\/vc_column][\/vc_row][vc_row][vc_column][vc_column_text css_animation=\u00a0\u00bbbounceInRight\u00a0\u00bb][\/vc_column_text][\/vc_column][\/vc_row][vc_row][vc_column][vc_empty_space][\/vc_column][\/vc_row][vc_row][vc_column][vc_single_image image=\u00a0\u00bb313&Prime; img_size=\u00a0\u00bbfull\u00a0\u00bb onclick=\u00a0\u00bbcustom_link\u00a0\u00bb link=\u00a0\u00bbhttp:\/\/www.abrcgg.fr\u00a0\u00bb][\/vc_column][\/vc_row][vc_row][vc_column][vc_empty_space][\/vc_column][\/vc_row][vc_row][vc_column][\/vc_column][\/vc_row]<\/p>\n","protected":false},"author":515,"featured_media":0,"parent":0,"menu_order":0,"comment_status":"closed","ping_status":"closed","template":"","meta":{"_acf_changed":false,"footnotes":""},"class_list":["post-41","page","type-page","status-publish","hentry"],"acf":[],"yoast_head":"<!-- This site is optimized with the Yoast SEO plugin v27.5 - https:\/\/yoast.com\/product\/yoast-seo-wordpress\/ -->\n<title>Ass. D\u00e9part. des Chasseurs de Grand Gibier du Bas-Rhin<\/title>\n<meta name=\"description\" content=\"Affili\u00e9e \u00e0 l\u2019Association nationale des chasseurs de grand gibier, notre association d\u00e9partementale m\u00e8ne une action continue en faveur d\u2019une gestion raisonn\u00e9e et durable de la grande faune, de la formation des chasseurs et de l\u2019am\u00e9lioration des pratiques cyn\u00e9g\u00e9tiques.\" \/>\n<meta name=\"robots\" content=\"noindex, follow, max-snippet:-1, max-image-preview:large, max-video-preview:-1\" \/>\n<meta property=\"og:locale\" content=\"fr_FR\" \/>\n<meta property=\"og:type\" content=\"article\" \/>\n<meta property=\"og:title\" content=\"Ass. D\u00e9part. des Chasseurs de Grand Gibier du Bas-Rhin\" \/>\n<meta property=\"og:description\" content=\"Affili\u00e9e \u00e0 l\u2019Association nationale des chasseurs de grand gibier, notre association d\u00e9partementale m\u00e8ne une action continue en faveur d\u2019une gestion raisonn\u00e9e et durable de la grande faune, de la formation des chasseurs et de l\u2019am\u00e9lioration des pratiques cyn\u00e9g\u00e9tiques.\" \/>\n<meta property=\"og:url\" content=\"https:\/\/www.ancgg.org\/ad67\/\" \/>\n<meta property=\"og:site_name\" content=\"Association Bas-Rhinoise des Chasseurs de Grand Gibier\" \/>\n<meta property=\"article:modified_time\" content=\"2024-12-17T17:20:40+00:00\" \/>\n<meta name=\"twitter:card\" content=\"summary_large_image\" \/>\n<meta name=\"twitter:label1\" content=\"Dur\u00e9e de lecture estim\u00e9e\" \/>\n\t<meta name=\"twitter:data1\" content=\"1 minute\" \/>\n<script type=\"application\/ld+json\" class=\"yoast-schema-graph\">{\"@context\":\"https:\\\/\\\/schema.org\",\"@graph\":[{\"@type\":\"WebPage\",\"@id\":\"https:\\\/\\\/www.ancgg.org\\\/ad67\\\/\",\"url\":\"https:\\\/\\\/www.ancgg.org\\\/ad67\\\/\",\"name\":\"Ass. D\u00e9part. des Chasseurs de Grand Gibier du Bas-Rhin\",\"isPartOf\":{\"@id\":\"https:\\\/\\\/www.ancgg.org\\\/ad67\\\/#website\"},\"datePublished\":\"2020-10-06T14:18:26+00:00\",\"dateModified\":\"2024-12-17T17:20:40+00:00\",\"description\":\"Affili\u00e9e \u00e0 l\u2019Association nationale des chasseurs de grand gibier, notre association d\u00e9partementale m\u00e8ne une action continue en faveur d\u2019une gestion raisonn\u00e9e et durable de la grande faune, de la formation des chasseurs et de l\u2019am\u00e9lioration des pratiques cyn\u00e9g\u00e9tiques.\",\"breadcrumb\":{\"@id\":\"https:\\\/\\\/www.ancgg.org\\\/ad67\\\/#breadcrumb\"},\"inLanguage\":\"fr-FR\",\"potentialAction\":[{\"@type\":\"ReadAction\",\"target\":[\"https:\\\/\\\/www.ancgg.org\\\/ad67\\\/\"]}]},{\"@type\":\"BreadcrumbList\",\"@id\":\"https:\\\/\\\/www.ancgg.org\\\/ad67\\\/#breadcrumb\",\"itemListElement\":[{\"@type\":\"ListItem\",\"position\":1,\"name\":\"Accueil\",\"item\":\"https:\\\/\\\/www.ancgg.org\\\/ad67\\\/\"},{\"@type\":\"ListItem\",\"position\":2,\"name\":\"Association Bas-Rhinoise des Chasseurs de Grand Gibier\"}]},{\"@type\":\"WebSite\",\"@id\":\"https:\\\/\\\/www.ancgg.org\\\/ad67\\\/#website\",\"url\":\"https:\\\/\\\/www.ancgg.org\\\/ad67\\\/\",\"name\":\"Association Bas-Rhinoise des Chasseurs de Grand Gibier\",\"description\":\"\",\"potentialAction\":[{\"@type\":\"SearchAction\",\"target\":{\"@type\":\"EntryPoint\",\"urlTemplate\":\"https:\\\/\\\/www.ancgg.org\\\/ad67\\\/?s={search_term_string}\"},\"query-input\":{\"@type\":\"PropertyValueSpecification\",\"valueRequired\":true,\"valueName\":\"search_term_string\"}}],\"inLanguage\":\"fr-FR\"}]}<\/script>\n<!-- \/ Yoast SEO plugin. -->","yoast_head_json":{"title":"Ass. D\u00e9part. des Chasseurs de Grand Gibier du Bas-Rhin","description":"Affili\u00e9e \u00e0 l\u2019Association nationale des chasseurs de grand gibier, notre association d\u00e9partementale m\u00e8ne une action continue en faveur d\u2019une gestion raisonn\u00e9e et durable de la grande faune, de la formation des chasseurs et de l\u2019am\u00e9lioration des pratiques cyn\u00e9g\u00e9tiques.","robots":{"index":"noindex","follow":"follow","max-snippet":"max-snippet:-1","max-image-preview":"max-image-preview:large","max-video-preview":"max-video-preview:-1"},"og_locale":"fr_FR","og_type":"article","og_title":"Ass. D\u00e9part. des Chasseurs de Grand Gibier du Bas-Rhin","og_description":"Affili\u00e9e \u00e0 l\u2019Association nationale des chasseurs de grand gibier, notre association d\u00e9partementale m\u00e8ne une action continue en faveur d\u2019une gestion raisonn\u00e9e et durable de la grande faune, de la formation des chasseurs et de l\u2019am\u00e9lioration des pratiques cyn\u00e9g\u00e9tiques.","og_url":"https:\/\/www.ancgg.org\/ad67\/","og_site_name":"Association Bas-Rhinoise des Chasseurs de Grand Gibier","article_modified_time":"2024-12-17T17:20:40+00:00","twitter_card":"summary_large_image","twitter_misc":{"Dur\u00e9e de lecture estim\u00e9e":"1 minute"},"schema":{"@context":"https:\/\/schema.org","@graph":[{"@type":"WebPage","@id":"https:\/\/www.ancgg.org\/ad67\/","url":"https:\/\/www.ancgg.org\/ad67\/","name":"Ass. D\u00e9part. des Chasseurs de Grand Gibier du Bas-Rhin","isPartOf":{"@id":"https:\/\/www.ancgg.org\/ad67\/#website"},"datePublished":"2020-10-06T14:18:26+00:00","dateModified":"2024-12-17T17:20:40+00:00","description":"Affili\u00e9e \u00e0 l\u2019Association nationale des chasseurs de grand gibier, notre association d\u00e9partementale m\u00e8ne une action continue en faveur d\u2019une gestion raisonn\u00e9e et durable de la grande faune, de la formation des chasseurs et de l\u2019am\u00e9lioration des pratiques cyn\u00e9g\u00e9tiques.","breadcrumb":{"@id":"https:\/\/www.ancgg.org\/ad67\/#breadcrumb"},"inLanguage":"fr-FR","potentialAction":[{"@type":"ReadAction","target":["https:\/\/www.ancgg.org\/ad67\/"]}]},{"@type":"BreadcrumbList","@id":"https:\/\/www.ancgg.org\/ad67\/#breadcrumb","itemListElement":[{"@type":"ListItem","position":1,"name":"Accueil","item":"https:\/\/www.ancgg.org\/ad67\/"},{"@type":"ListItem","position":2,"name":"Association Bas-Rhinoise des Chasseurs de Grand Gibier"}]},{"@type":"WebSite","@id":"https:\/\/www.ancgg.org\/ad67\/#website","url":"https:\/\/www.ancgg.org\/ad67\/","name":"Association Bas-Rhinoise des Chasseurs de Grand Gibier","description":"","potentialAction":[{"@type":"SearchAction","target":{"@type":"EntryPoint","urlTemplate":"https:\/\/www.ancgg.org\/ad67\/?s={search_term_string}"},"query-input":{"@type":"PropertyValueSpecification","valueRequired":true,"valueName":"search_term_string"}}],"inLanguage":"fr-FR"}]}},"_links":{"self":[{"href":"https:\/\/www.ancgg.org\/ad67\/wp-json\/wp\/v2\/pages\/41","targetHints":{"allow":["GET"]}}],"collection":[{"href":"https:\/\/www.ancgg.org\/ad67\/wp-json\/wp\/v2\/pages"}],"about":[{"href":"https:\/\/www.ancgg.org\/ad67\/wp-json\/wp\/v2\/types\/page"}],"author":[{"embeddable":true,"href":"https:\/\/www.ancgg.org\/ad67\/wp-json\/wp\/v2\/users\/515"}],"replies":[{"embeddable":true,"href":"https:\/\/www.ancgg.org\/ad67\/wp-json\/wp\/v2\/comments?post=41"}],"version-history":[{"count":15,"href":"https:\/\/www.ancgg.org\/ad67\/wp-json\/wp\/v2\/pages\/41\/revisions"}],"predecessor-version":[{"id":333,"href":"https:\/\/www.ancgg.org\/ad67\/wp-json\/wp\/v2\/pages\/41\/revisions\/333"}],"wp:attachment":[{"href":"https:\/\/www.ancgg.org\/ad67\/wp-json\/wp\/v2\/media?parent=41"}],"curies":[{"name":"wp","href":"https:\/\/api.w.org\/{rel}","templated":true}]}}