{"id":1291,"date":"2023-10-05T10:08:49","date_gmt":"2023-10-05T08:08:49","guid":{"rendered":"https:\/\/www.ancgg.org\/ad91\/?page_id=1291"},"modified":"2024-05-15T10:04:00","modified_gmt":"2024-05-15T08:04:00","slug":"cotation-des-trophees","status":"publish","type":"page","link":"https:\/\/www.ancgg.org\/ad91\/cotation-des-trophees\/","title":{"rendered":"COTATION DES TROPH\u00c9ES"},"content":{"rendered":"<div class=\"wpb-content-wrapper\"><p>[vc_row][vc_column][vc_empty_space][\/vc_column][\/vc_row][vc_row][vc_column width=\u00a0\u00bb1\/2&Prime;][vc_empty_space height=\u00a0\u00bb96px\u00a0\u00bb][vc_column_text css=\u00a0\u00bb\u00a0\u00bb]<strong>Cotateurs agr\u00e9\u00e9s par l&rsquo;Association Fran\u00e7aise de Mensuration des Troph\u00e9es (AFMT), en Essonne :<\/strong><\/p>\n<ul>\n<li>Jacky Martin (91410 &#8211; Roinville) &#8211; <a href=\"mailto:jmartin@ancgg.org\">j.martin@ancgg.org &#8211; 06 16 47 02 37<\/a><\/li>\n<li>Philippe Grenon (91800 &#8211; Brunoy) &#8211; <a href=\"mailto:philippegrenon91@gmail.com\"><span style=\"color: #0000ff\">philippegrenon91@gmail.com <span style=\"color: #000000\">&#8211; 06 07 36 80 40\u202c<\/span><\/span><\/a><span style=\"color: #0000ff\"><br \/>\n<\/span><\/li>\n<li>Jean-Fran\u00e7ois Bazille (28700 &#8211; Sainville) &#8211; <a href=\"mailto:jfbazille@orange.fr\">jfbazille@orange.fr &#8211; \u202d06 70 72 68 28\u202c<\/a><\/li>\n<\/ul>\n<p>[\/vc_column_text][vc_single_image image=\u00a0\u00bb1542&Prime; alignment=\u00a0\u00bbcenter\u00a0\u00bb][\/vc_column][vc_column width=\u00a0\u00bb1\/2&Prime;][vc_single_image image=\u00a0\u00bb1295&Prime; alignment=\u00a0\u00bbcenter\u00a0\u00bb style=\u00a0\u00bbvc_box_shadow_circle\u00a0\u00bb onclick=\u00a0\u00bbcustom_link\u00a0\u00bb img_link_target=\u00a0\u00bb_blank\u00a0\u00bb link=\u00a0\u00bbhttps:\/\/www.ancgg.org\/trophees\/\u00a0\u00bb][vc_column_text css_animation=\u00a0\u00bbnone\u00a0\u00bb]<\/p>\n<p style=\"text-align: center\">Cliquez sur l&rsquo;image pour avoir acc\u00e8s \u00e0 la cotation des troph\u00e9es sur le site de l&rsquo;ANCGG<\/p>\n<p style=\"text-align: center\">Vous y trouverez tous les cotateurs agr\u00e9\u00e9s par d\u00e9partement, avec leurs coordonn\u00e9es<\/p>\n<h2 style=\"text-align: center\"><span style=\"color: #ff0000;font-size: 14pt\">(Attention : vous quittez le site de l&rsquo;ADCGG91 !)<\/span><\/h2>\n<p>[\/vc_column_text][\/vc_column][\/vc_row][vc_row][vc_column][\/vc_column][\/vc_row]<\/p>\n<\/div>","protected":false},"excerpt":{"rendered":"<p>[vc_row][vc_column][vc_empty_space][\/vc_column][\/vc_row][vc_row][vc_column width=\u00a0\u00bb1\/2&Prime;][vc_empty_space height=\u00a0\u00bb96px\u00a0\u00bb][vc_column_text css=\u00a0\u00bb\u00a0\u00bb]Cotateurs agr\u00e9\u00e9s par l&rsquo;Association Fran\u00e7aise de Mensuration des Troph\u00e9es (AFMT), en Essonne : Jacky Martin (91410 &#8211; Roinville) &#8211; j.martin@ancgg.org &#8211; 06 16 47 02 37 Philippe Grenon (91800 &#8211; Brunoy) &#8211; philippegrenon91@gmail.com &#8211; 06 07 36 80 40\u202c Jean-Fran\u00e7ois Bazille (28700 &#8211; Sainville) &#8211; jfbazille@orange.fr &#8211; \u202d06 70 72 68 28\u202c [&hellip;]<\/p>\n","protected":false},"author":62,"featured_media":0,"parent":0,"menu_order":0,"comment_status":"closed","ping_status":"closed","template":"","meta":{"_acf_changed":false,"footnotes":""},"class_list":["post-1291","page","type-page","status-publish","hentry"],"acf":[],"yoast_head":"<!-- This site is optimized with the Yoast SEO plugin v27.4 - https:\/\/yoast.com\/product\/yoast-seo-wordpress\/ -->\n<title>COTATION DES TROPH\u00c9ES - Association D\u00e9partementale des Chasseurs de Grand Gibier de l&#039;Essonne<\/title>\n<meta name=\"robots\" content=\"noindex, follow, max-snippet:-1, max-image-preview:large, max-video-preview:-1\" \/>\n<meta property=\"og:locale\" content=\"fr_FR\" \/>\n<meta property=\"og:type\" content=\"article\" \/>\n<meta property=\"og:title\" content=\"COTATION DES TROPH\u00c9ES - Association D\u00e9partementale des Chasseurs de Grand Gibier de l&#039;Essonne\" \/>\n<meta property=\"og:description\" content=\"[vc_row][vc_column][vc_empty_space][\/vc_column][\/vc_row][vc_row][vc_column width=\u00a0\u00bb1\/2&Prime;][vc_empty_space height=\u00a0\u00bb96px\u00a0\u00bb][vc_column_text css=\u00a0\u00bb\u00a0\u00bb]Cotateurs agr\u00e9\u00e9s par l&rsquo;Association Fran\u00e7aise de Mensuration des Troph\u00e9es (AFMT), en Essonne : Jacky Martin (91410 &#8211; Roinville) &#8211; j.martin@ancgg.org &#8211; 06 16 47 02 37 Philippe Grenon (91800 &#8211; Brunoy) &#8211; philippegrenon91@gmail.com &#8211; 06 07 36 80 40\u202c Jean-Fran\u00e7ois Bazille (28700 &#8211; Sainville) &#8211; jfbazille@orange.fr &#8211; \u202d06 70 72 68 28\u202c [&hellip;]\" \/>\n<meta property=\"og:url\" content=\"https:\/\/www.ancgg.org\/ad91\/cotation-des-trophees\/\" \/>\n<meta property=\"og:site_name\" content=\"Association D\u00e9partementale des Chasseurs de Grand Gibier de l&#039;Essonne\" \/>\n<meta property=\"article:modified_time\" content=\"2024-05-15T08:04:00+00:00\" \/>\n<meta name=\"twitter:card\" content=\"summary_large_image\" \/>\n<meta name=\"twitter:label1\" content=\"Dur\u00e9e de lecture estim\u00e9e\" \/>\n\t<meta name=\"twitter:data1\" content=\"1 minute\" \/>\n<script type=\"application\/ld+json\" class=\"yoast-schema-graph\">{\"@context\":\"https:\\\/\\\/schema.org\",\"@graph\":[{\"@type\":\"WebPage\",\"@id\":\"https:\\\/\\\/www.ancgg.org\\\/ad91\\\/cotation-des-trophees\\\/\",\"url\":\"https:\\\/\\\/www.ancgg.org\\\/ad91\\\/cotation-des-trophees\\\/\",\"name\":\"COTATION DES TROPH\u00c9ES - Association D\u00e9partementale des Chasseurs de Grand Gibier de l&#039;Essonne\",\"isPartOf\":{\"@id\":\"https:\\\/\\\/www.ancgg.org\\\/ad91\\\/#website\"},\"datePublished\":\"2023-10-05T08:08:49+00:00\",\"dateModified\":\"2024-05-15T08:04:00+00:00\",\"breadcrumb\":{\"@id\":\"https:\\\/\\\/www.ancgg.org\\\/ad91\\\/cotation-des-trophees\\\/#breadcrumb\"},\"inLanguage\":\"fr-FR\",\"potentialAction\":[{\"@type\":\"ReadAction\",\"target\":[\"https:\\\/\\\/www.ancgg.org\\\/ad91\\\/cotation-des-trophees\\\/\"]}]},{\"@type\":\"BreadcrumbList\",\"@id\":\"https:\\\/\\\/www.ancgg.org\\\/ad91\\\/cotation-des-trophees\\\/#breadcrumb\",\"itemListElement\":[{\"@type\":\"ListItem\",\"position\":1,\"name\":\"Accueil\",\"item\":\"https:\\\/\\\/www.ancgg.org\\\/ad91\\\/\"},{\"@type\":\"ListItem\",\"position\":2,\"name\":\"COTATION DES TROPH\u00c9ES\"}]},{\"@type\":\"WebSite\",\"@id\":\"https:\\\/\\\/www.ancgg.org\\\/ad91\\\/#website\",\"url\":\"https:\\\/\\\/www.ancgg.org\\\/ad91\\\/\",\"name\":\"Association D\u00e9partementale des Chasseurs de Grand Gibier de l&#039;Essonne\",\"description\":\"\",\"potentialAction\":[{\"@type\":\"SearchAction\",\"target\":{\"@type\":\"EntryPoint\",\"urlTemplate\":\"https:\\\/\\\/www.ancgg.org\\\/ad91\\\/?s={search_term_string}\"},\"query-input\":{\"@type\":\"PropertyValueSpecification\",\"valueRequired\":true,\"valueName\":\"search_term_string\"}}],\"inLanguage\":\"fr-FR\"}]}<\/script>\n<!-- \/ Yoast SEO plugin. -->","yoast_head_json":{"title":"COTATION DES TROPH\u00c9ES - Association D\u00e9partementale des Chasseurs de Grand Gibier de l&#039;Essonne","robots":{"index":"noindex","follow":"follow","max-snippet":"max-snippet:-1","max-image-preview":"max-image-preview:large","max-video-preview":"max-video-preview:-1"},"og_locale":"fr_FR","og_type":"article","og_title":"COTATION DES TROPH\u00c9ES - Association D\u00e9partementale des Chasseurs de Grand Gibier de l&#039;Essonne","og_description":"[vc_row][vc_column][vc_empty_space][\/vc_column][\/vc_row][vc_row][vc_column width=\u00a0\u00bb1\/2&Prime;][vc_empty_space height=\u00a0\u00bb96px\u00a0\u00bb][vc_column_text css=\u00a0\u00bb\u00a0\u00bb]Cotateurs agr\u00e9\u00e9s par l&rsquo;Association Fran\u00e7aise de Mensuration des Troph\u00e9es (AFMT), en Essonne : Jacky Martin (91410 &#8211; Roinville) &#8211; j.martin@ancgg.org &#8211; 06 16 47 02 37 Philippe Grenon (91800 &#8211; Brunoy) &#8211; philippegrenon91@gmail.com &#8211; 06 07 36 80 40\u202c Jean-Fran\u00e7ois Bazille (28700 &#8211; Sainville) &#8211; jfbazille@orange.fr &#8211; \u202d06 70 72 68 28\u202c [&hellip;]","og_url":"https:\/\/www.ancgg.org\/ad91\/cotation-des-trophees\/","og_site_name":"Association D\u00e9partementale des Chasseurs de Grand Gibier de l&#039;Essonne","article_modified_time":"2024-05-15T08:04:00+00:00","twitter_card":"summary_large_image","twitter_misc":{"Dur\u00e9e de lecture estim\u00e9e":"1 minute"},"schema":{"@context":"https:\/\/schema.org","@graph":[{"@type":"WebPage","@id":"https:\/\/www.ancgg.org\/ad91\/cotation-des-trophees\/","url":"https:\/\/www.ancgg.org\/ad91\/cotation-des-trophees\/","name":"COTATION DES TROPH\u00c9ES - Association D\u00e9partementale des Chasseurs de Grand Gibier de l&#039;Essonne","isPartOf":{"@id":"https:\/\/www.ancgg.org\/ad91\/#website"},"datePublished":"2023-10-05T08:08:49+00:00","dateModified":"2024-05-15T08:04:00+00:00","breadcrumb":{"@id":"https:\/\/www.ancgg.org\/ad91\/cotation-des-trophees\/#breadcrumb"},"inLanguage":"fr-FR","potentialAction":[{"@type":"ReadAction","target":["https:\/\/www.ancgg.org\/ad91\/cotation-des-trophees\/"]}]},{"@type":"BreadcrumbList","@id":"https:\/\/www.ancgg.org\/ad91\/cotation-des-trophees\/#breadcrumb","itemListElement":[{"@type":"ListItem","position":1,"name":"Accueil","item":"https:\/\/www.ancgg.org\/ad91\/"},{"@type":"ListItem","position":2,"name":"COTATION DES TROPH\u00c9ES"}]},{"@type":"WebSite","@id":"https:\/\/www.ancgg.org\/ad91\/#website","url":"https:\/\/www.ancgg.org\/ad91\/","name":"Association D\u00e9partementale des Chasseurs de Grand Gibier de l&#039;Essonne","description":"","potentialAction":[{"@type":"SearchAction","target":{"@type":"EntryPoint","urlTemplate":"https:\/\/www.ancgg.org\/ad91\/?s={search_term_string}"},"query-input":{"@type":"PropertyValueSpecification","valueRequired":true,"valueName":"search_term_string"}}],"inLanguage":"fr-FR"}]}},"_links":{"self":[{"href":"https:\/\/www.ancgg.org\/ad91\/wp-json\/wp\/v2\/pages\/1291","targetHints":{"allow":["GET"]}}],"collection":[{"href":"https:\/\/www.ancgg.org\/ad91\/wp-json\/wp\/v2\/pages"}],"about":[{"href":"https:\/\/www.ancgg.org\/ad91\/wp-json\/wp\/v2\/types\/page"}],"author":[{"embeddable":true,"href":"https:\/\/www.ancgg.org\/ad91\/wp-json\/wp\/v2\/users\/62"}],"replies":[{"embeddable":true,"href":"https:\/\/www.ancgg.org\/ad91\/wp-json\/wp\/v2\/comments?post=1291"}],"version-history":[{"count":40,"href":"https:\/\/www.ancgg.org\/ad91\/wp-json\/wp\/v2\/pages\/1291\/revisions"}],"predecessor-version":[{"id":1567,"href":"https:\/\/www.ancgg.org\/ad91\/wp-json\/wp\/v2\/pages\/1291\/revisions\/1567"}],"wp:attachment":[{"href":"https:\/\/www.ancgg.org\/ad91\/wp-json\/wp\/v2\/media?parent=1291"}],"curies":[{"name":"wp","href":"https:\/\/api.w.org\/{rel}","templated":true}]}}