{"id":93,"date":"2020-10-07T15:35:19","date_gmt":"2020-10-07T13:35:19","guid":{"rendered":"https:\/\/www.ancgg.org\/ad91\/?page_id=93"},"modified":"2026-03-09T10:16:07","modified_gmt":"2026-03-09T09:16:07","slug":"adhesion-et-abonnement","status":"publish","type":"page","link":"https:\/\/www.ancgg.org\/ad91\/adhesion-et-abonnement\/","title":{"rendered":"Adh\u00e9sion et abonnement"},"content":{"rendered":"<div class=\"wpb-content-wrapper\"><p>[vc_row][vc_column][vc_btn title=\u00a0\u00bbT\u00e9l\u00e9charger un bulletin d&rsquo;adh\u00e9sion\u00a0\u00bb style=\u00a0\u00bb3d\u00a0\u00bb color=\u00a0\u00bbwarning\u00a0\u00bb css=\u00a0\u00bb\u00a0\u00bb link=\u00a0\u00bburl:https%3A%2F%2Fwww.ancgg.org%2Fad91%2Fwp-content%2Fuploads%2Fsites%2F86%2F2026%2F03%2Fadhesion-ADCGGE-2026.pdf|title:Adh%C3%A9sion%20et%20abonnement|target:_blank\u00a0\u00bb][\/vc_column][\/vc_row][vc_row][vc_column width=\u00a0\u00bb2\/3&Prime;]        <div class=\"wp-products-list-block\">\n            <div class=\"wp-wp-products-list-block-inner products-list products-list-54\">\n                <span class=\"products-list__title h1\">Adh\u00e9sions<\/span>\n\n                <div class=\"woocommerce\">\n                    <ul class=\"products columns-2\">\n<li class=\"product type-product post-10780 status-publish first instock product_cat-adhesions virtual sold-individually taxable purchasable product-type-simple\">\n\t<div class=\"woocommerce-LoopProduct-link woocommerce-loop-product__link\"><img loading=\"lazy\" decoding=\"async\" width=\"300\" height=\"300\" src=\"https:\/\/www.ancgg.org\/ad91\/wp-content\/uploads\/woocommerce-placeholder-300x300.png\" class=\"woocommerce-placeholder wp-post-image\" alt=\"Texte indicatif\" srcset=\"https:\/\/www.ancgg.org\/ad91\/wp-content\/uploads\/woocommerce-placeholder-300x300.png 300w, https:\/\/www.ancgg.org\/ad91\/wp-content\/uploads\/woocommerce-placeholder-600x600.png 600w, https:\/\/www.ancgg.org\/ad91\/wp-content\/uploads\/woocommerce-placeholder-768x768.png 768w, https:\/\/www.ancgg.org\/ad91\/wp-content\/uploads\/woocommerce-placeholder-150x150.png 150w, https:\/\/www.ancgg.org\/ad91\/wp-content\/uploads\/woocommerce-placeholder-75x75.png 75w, https:\/\/www.ancgg.org\/ad91\/wp-content\/uploads\/woocommerce-placeholder-24x24.png 24w, https:\/\/www.ancgg.org\/ad91\/wp-content\/uploads\/woocommerce-placeholder-36x36.png 36w, https:\/\/www.ancgg.org\/ad91\/wp-content\/uploads\/woocommerce-placeholder-48x48.png 48w, https:\/\/www.ancgg.org\/ad91\/wp-content\/uploads\/woocommerce-placeholder-100x100.png 100w, https:\/\/www.ancgg.org\/ad91\/wp-content\/uploads\/woocommerce-placeholder.png 1200w\" sizes=\"auto, (max-width: 300px) 100vw, 300px\" \/><h2 class=\"woocommerce-loop-product__title\">Adh\u00e9sion AD91 2026<\/h2>\n\t<span class=\"price\"><span class=\"woocommerce-Price-amount amount\"><bdi>28,00&nbsp;<span class=\"woocommerce-Price-currencySymbol\">&euro;<\/span><\/bdi><\/span><\/span>\n<\/div><a href=\"\/ad91\/wp-json\/wp\/v2\/pages\/93?add-to-cart=10780\" aria-describedby=\"woocommerce_loop_add_to_cart_link_describedby_10780\" data-quantity=\"1\" class=\"button product_type_simple add_to_cart_button \" data-product_id=\"10780\" data-product_sku=\"2165\" aria-label=\"Ajouter au panier\u00a0: &ldquo;Adh\u00e9sion AD91 2026&rdquo;\" rel=\"nofollow\" target=\"_blank\" data-success_message=\"\u00ab\u00a0Adh\u00e9sion AD91 2026\u00a0\u00bb a \u00e9t\u00e9 ajout\u00e9 \u00e0 votre panier\">Ajouter au panier<\/a>\t<span id=\"woocommerce_loop_add_to_cart_link_describedby_10780\" class=\"screen-reader-text\">\n\t\t\t<\/span>\n<\/li>\n<li class=\"product type-product post-10779 status-publish last instock product_cat-adhesions virtual sold-individually taxable purchasable product-type-simple\">\n\t<div class=\"woocommerce-LoopProduct-link woocommerce-loop-product__link\"><img loading=\"lazy\" decoding=\"async\" width=\"300\" height=\"300\" src=\"https:\/\/www.ancgg.org\/ad91\/wp-content\/uploads\/woocommerce-placeholder-300x300.png\" class=\"woocommerce-placeholder wp-post-image\" alt=\"Texte indicatif\" srcset=\"https:\/\/www.ancgg.org\/ad91\/wp-content\/uploads\/woocommerce-placeholder-300x300.png 300w, https:\/\/www.ancgg.org\/ad91\/wp-content\/uploads\/woocommerce-placeholder-600x600.png 600w, https:\/\/www.ancgg.org\/ad91\/wp-content\/uploads\/woocommerce-placeholder-768x768.png 768w, https:\/\/www.ancgg.org\/ad91\/wp-content\/uploads\/woocommerce-placeholder-150x150.png 150w, https:\/\/www.ancgg.org\/ad91\/wp-content\/uploads\/woocommerce-placeholder-75x75.png 75w, https:\/\/www.ancgg.org\/ad91\/wp-content\/uploads\/woocommerce-placeholder-24x24.png 24w, https:\/\/www.ancgg.org\/ad91\/wp-content\/uploads\/woocommerce-placeholder-36x36.png 36w, https:\/\/www.ancgg.org\/ad91\/wp-content\/uploads\/woocommerce-placeholder-48x48.png 48w, https:\/\/www.ancgg.org\/ad91\/wp-content\/uploads\/woocommerce-placeholder-100x100.png 100w, https:\/\/www.ancgg.org\/ad91\/wp-content\/uploads\/woocommerce-placeholder.png 1200w\" sizes=\"auto, (max-width: 300px) 100vw, 300px\" \/><h2 class=\"woocommerce-loop-product__title\">Adh\u00e9sion AD91 2026 + Option Sanglier courant<\/h2>\n\t<span class=\"price\"><span class=\"woocommerce-Price-amount amount\"><bdi>58,00&nbsp;<span class=\"woocommerce-Price-currencySymbol\">&euro;<\/span><\/bdi><\/span><\/span>\n<\/div><a href=\"\/ad91\/wp-json\/wp\/v2\/pages\/93?add-to-cart=10779\" aria-describedby=\"woocommerce_loop_add_to_cart_link_describedby_10779\" data-quantity=\"1\" class=\"button product_type_simple add_to_cart_button \" data-product_id=\"10779\" data-product_sku=\"2164\" aria-label=\"Ajouter au panier\u00a0: &ldquo;Adh\u00e9sion AD91 2026 + Option Sanglier courant&rdquo;\" rel=\"nofollow\" target=\"_blank\" data-success_message=\"\u00ab\u00a0Adh\u00e9sion AD91 2026 + Option Sanglier courant\u00a0\u00bb a \u00e9t\u00e9 ajout\u00e9 \u00e0 votre panier\">Ajouter au panier<\/a>\t<span id=\"woocommerce_loop_add_to_cart_link_describedby_10779\" class=\"screen-reader-text\">\n\t\t\t<\/span>\n<\/li>\n<\/ul>\n                <\/div>\n            <\/div>\n        <\/div>\n        [\/vc_column][vc_column width=\u00a0\u00bb1\/3&Prime;]        <div class=\"wp-products-list-block\">\n            <div class=\"wp-wp-products-list-block-inner products-list products-list-53\">\n                <span class=\"products-list__title h1\">Abonnements<\/span>\n\n                <div class=\"woocommerce\">\n                    <ul class=\"products columns-2\">\n<li class=\"product type-product post-10778 status-publish first instock product_cat-abonnements virtual sold-individually taxable purchasable product-type-simple\">\n\t<div class=\"woocommerce-LoopProduct-link woocommerce-loop-product__link\"><img loading=\"lazy\" decoding=\"async\" width=\"300\" height=\"300\" src=\"https:\/\/www.ancgg.org\/ad91\/wp-content\/uploads\/woocommerce-placeholder-300x300.png\" class=\"woocommerce-placeholder wp-post-image\" alt=\"Texte indicatif\" srcset=\"https:\/\/www.ancgg.org\/ad91\/wp-content\/uploads\/woocommerce-placeholder-300x300.png 300w, https:\/\/www.ancgg.org\/ad91\/wp-content\/uploads\/woocommerce-placeholder-600x600.png 600w, https:\/\/www.ancgg.org\/ad91\/wp-content\/uploads\/woocommerce-placeholder-768x768.png 768w, https:\/\/www.ancgg.org\/ad91\/wp-content\/uploads\/woocommerce-placeholder-150x150.png 150w, https:\/\/www.ancgg.org\/ad91\/wp-content\/uploads\/woocommerce-placeholder-75x75.png 75w, https:\/\/www.ancgg.org\/ad91\/wp-content\/uploads\/woocommerce-placeholder-24x24.png 24w, https:\/\/www.ancgg.org\/ad91\/wp-content\/uploads\/woocommerce-placeholder-36x36.png 36w, https:\/\/www.ancgg.org\/ad91\/wp-content\/uploads\/woocommerce-placeholder-48x48.png 48w, https:\/\/www.ancgg.org\/ad91\/wp-content\/uploads\/woocommerce-placeholder-100x100.png 100w, https:\/\/www.ancgg.org\/ad91\/wp-content\/uploads\/woocommerce-placeholder.png 1200w\" sizes=\"auto, (max-width: 300px) 100vw, 300px\" \/><h2 class=\"woocommerce-loop-product__title\">Abonnement Grande Faune ADCGG91 2026<\/h2>\n\t<span class=\"price\"><span class=\"woocommerce-Price-amount amount\"><bdi>35,00&nbsp;<span class=\"woocommerce-Price-currencySymbol\">&euro;<\/span><\/bdi><\/span><\/span>\n<\/div><a href=\"\/ad91\/wp-json\/wp\/v2\/pages\/93?add-to-cart=10778\" aria-describedby=\"woocommerce_loop_add_to_cart_link_describedby_10778\" data-quantity=\"1\" class=\"button product_type_simple add_to_cart_button \" data-product_id=\"10778\" data-product_sku=\"2163\" aria-label=\"Ajouter au panier\u00a0: &ldquo;Abonnement Grande Faune ADCGG91 2026&rdquo;\" rel=\"nofollow\" target=\"_blank\" data-success_message=\"\u00ab\u00a0Abonnement Grande Faune ADCGG91 2026\u00a0\u00bb a \u00e9t\u00e9 ajout\u00e9 \u00e0 votre panier\">Ajouter au panier<\/a>\t<span id=\"woocommerce_loop_add_to_cart_link_describedby_10778\" class=\"screen-reader-text\">\n\t\t\t<\/span>\n<\/li>\n<\/ul>\n                <\/div>\n            <\/div>\n        <\/div>\n        [\/vc_column][\/vc_row]<\/p>\n<\/div>","protected":false},"excerpt":{"rendered":"<p>[vc_row][vc_column][vc_btn title=\u00a0\u00bbT\u00e9l\u00e9charger un bulletin d&rsquo;adh\u00e9sion\u00a0\u00bb style=\u00a0\u00bb3d\u00a0\u00bb color=\u00a0\u00bbwarning\u00a0\u00bb css=\u00a0\u00bb\u00a0\u00bb link=\u00a0\u00bburl:https%3A%2F%2Fwww.ancgg.org%2Fad91%2Fwp-content%2Fuploads%2Fsites%2F86%2F2026%2F03%2Fadhesion-ADCGGE-2026.pdf|title:Adh%C3%A9sion%20et%20abonnement|target:_blank\u00a0\u00bb][\/vc_column][\/vc_row][vc_row][vc_column width=\u00a0\u00bb2\/3&Prime;][\/vc_column][vc_column width=\u00a0\u00bb1\/3&Prime;][\/vc_column][\/vc_row]<\/p>\n","protected":false},"author":62,"featured_media":0,"parent":0,"menu_order":8,"comment_status":"closed","ping_status":"closed","template":"","meta":{"_acf_changed":false,"footnotes":""},"class_list":["post-93","page","type-page","status-publish","hentry"],"acf":[],"yoast_head":"<!-- This site is optimized with the Yoast SEO plugin v27.4 - https:\/\/yoast.com\/product\/yoast-seo-wordpress\/ -->\n<title>Adh\u00e9sion et abonnement - Association D\u00e9partementale des Chasseurs de Grand Gibier de l&#039;Essonne<\/title>\n<meta name=\"robots\" content=\"noindex, follow, max-snippet:-1, max-image-preview:large, max-video-preview:-1\" \/>\n<meta property=\"og:locale\" content=\"fr_FR\" \/>\n<meta property=\"og:type\" content=\"article\" \/>\n<meta property=\"og:title\" content=\"Adh\u00e9sion et abonnement - Association D\u00e9partementale des Chasseurs de Grand Gibier de l&#039;Essonne\" \/>\n<meta property=\"og:description\" content=\"[vc_row][vc_column][vc_btn title=\u00a0\u00bbT\u00e9l\u00e9charger un bulletin d&rsquo;adh\u00e9sion\u00a0\u00bb style=\u00a0\u00bb3d\u00a0\u00bb color=\u00a0\u00bbwarning\u00a0\u00bb css=\u00a0\u00bb\u00a0\u00bb link=\u00a0\u00bburl:https%3A%2F%2Fwww.ancgg.org%2Fad91%2Fwp-content%2Fuploads%2Fsites%2F86%2F2026%2F03%2Fadhesion-ADCGGE-2026.pdf|title:Adh%C3%A9sion%20et%20abonnement|target:_blank\u00a0\u00bb][\/vc_column][\/vc_row][vc_row][vc_column width=\u00a0\u00bb2\/3&Prime;][\/vc_column][vc_column width=\u00a0\u00bb1\/3&Prime;][\/vc_column][\/vc_row]\" \/>\n<meta property=\"og:url\" content=\"https:\/\/www.ancgg.org\/ad91\/adhesion-et-abonnement\/\" \/>\n<meta property=\"og:site_name\" content=\"Association D\u00e9partementale des Chasseurs de Grand Gibier de l&#039;Essonne\" \/>\n<meta property=\"article:modified_time\" content=\"2026-03-09T09:16:07+00:00\" \/>\n<meta name=\"twitter:card\" content=\"summary_large_image\" \/>\n<meta name=\"twitter:label1\" content=\"Dur\u00e9e de lecture estim\u00e9e\" \/>\n\t<meta name=\"twitter:data1\" content=\"1 minute\" \/>\n<script type=\"application\/ld+json\" class=\"yoast-schema-graph\">{\"@context\":\"https:\\\/\\\/schema.org\",\"@graph\":[{\"@type\":\"WebPage\",\"@id\":\"https:\\\/\\\/www.ancgg.org\\\/ad91\\\/adhesion-et-abonnement\\\/\",\"url\":\"https:\\\/\\\/www.ancgg.org\\\/ad91\\\/adhesion-et-abonnement\\\/\",\"name\":\"Adh\u00e9sion et abonnement - Association D\u00e9partementale des Chasseurs de Grand Gibier de l&#039;Essonne\",\"isPartOf\":{\"@id\":\"https:\\\/\\\/www.ancgg.org\\\/ad91\\\/#website\"},\"datePublished\":\"2020-10-07T13:35:19+00:00\",\"dateModified\":\"2026-03-09T09:16:07+00:00\",\"breadcrumb\":{\"@id\":\"https:\\\/\\\/www.ancgg.org\\\/ad91\\\/adhesion-et-abonnement\\\/#breadcrumb\"},\"inLanguage\":\"fr-FR\",\"potentialAction\":[{\"@type\":\"ReadAction\",\"target\":[\"https:\\\/\\\/www.ancgg.org\\\/ad91\\\/adhesion-et-abonnement\\\/\"]}]},{\"@type\":\"BreadcrumbList\",\"@id\":\"https:\\\/\\\/www.ancgg.org\\\/ad91\\\/adhesion-et-abonnement\\\/#breadcrumb\",\"itemListElement\":[{\"@type\":\"ListItem\",\"position\":1,\"name\":\"Accueil\",\"item\":\"https:\\\/\\\/www.ancgg.org\\\/ad91\\\/\"},{\"@type\":\"ListItem\",\"position\":2,\"name\":\"Adh\u00e9sion et abonnement\"}]},{\"@type\":\"WebSite\",\"@id\":\"https:\\\/\\\/www.ancgg.org\\\/ad91\\\/#website\",\"url\":\"https:\\\/\\\/www.ancgg.org\\\/ad91\\\/\",\"name\":\"Association D\u00e9partementale des Chasseurs de Grand Gibier de l&#039;Essonne\",\"description\":\"\",\"potentialAction\":[{\"@type\":\"SearchAction\",\"target\":{\"@type\":\"EntryPoint\",\"urlTemplate\":\"https:\\\/\\\/www.ancgg.org\\\/ad91\\\/?s={search_term_string}\"},\"query-input\":{\"@type\":\"PropertyValueSpecification\",\"valueRequired\":true,\"valueName\":\"search_term_string\"}}],\"inLanguage\":\"fr-FR\"}]}<\/script>\n<!-- \/ Yoast SEO plugin. -->","yoast_head_json":{"title":"Adh\u00e9sion et abonnement - Association D\u00e9partementale des Chasseurs de Grand Gibier de l&#039;Essonne","robots":{"index":"noindex","follow":"follow","max-snippet":"max-snippet:-1","max-image-preview":"max-image-preview:large","max-video-preview":"max-video-preview:-1"},"og_locale":"fr_FR","og_type":"article","og_title":"Adh\u00e9sion et abonnement - Association D\u00e9partementale des Chasseurs de Grand Gibier de l&#039;Essonne","og_description":"[vc_row][vc_column][vc_btn title=\u00a0\u00bbT\u00e9l\u00e9charger un bulletin d&rsquo;adh\u00e9sion\u00a0\u00bb style=\u00a0\u00bb3d\u00a0\u00bb color=\u00a0\u00bbwarning\u00a0\u00bb css=\u00a0\u00bb\u00a0\u00bb link=\u00a0\u00bburl:https%3A%2F%2Fwww.ancgg.org%2Fad91%2Fwp-content%2Fuploads%2Fsites%2F86%2F2026%2F03%2Fadhesion-ADCGGE-2026.pdf|title:Adh%C3%A9sion%20et%20abonnement|target:_blank\u00a0\u00bb][\/vc_column][\/vc_row][vc_row][vc_column width=\u00a0\u00bb2\/3&Prime;][\/vc_column][vc_column width=\u00a0\u00bb1\/3&Prime;][\/vc_column][\/vc_row]","og_url":"https:\/\/www.ancgg.org\/ad91\/adhesion-et-abonnement\/","og_site_name":"Association D\u00e9partementale des Chasseurs de Grand Gibier de l&#039;Essonne","article_modified_time":"2026-03-09T09:16:07+00:00","twitter_card":"summary_large_image","twitter_misc":{"Dur\u00e9e de lecture estim\u00e9e":"1 minute"},"schema":{"@context":"https:\/\/schema.org","@graph":[{"@type":"WebPage","@id":"https:\/\/www.ancgg.org\/ad91\/adhesion-et-abonnement\/","url":"https:\/\/www.ancgg.org\/ad91\/adhesion-et-abonnement\/","name":"Adh\u00e9sion et abonnement - Association D\u00e9partementale des Chasseurs de Grand Gibier de l&#039;Essonne","isPartOf":{"@id":"https:\/\/www.ancgg.org\/ad91\/#website"},"datePublished":"2020-10-07T13:35:19+00:00","dateModified":"2026-03-09T09:16:07+00:00","breadcrumb":{"@id":"https:\/\/www.ancgg.org\/ad91\/adhesion-et-abonnement\/#breadcrumb"},"inLanguage":"fr-FR","potentialAction":[{"@type":"ReadAction","target":["https:\/\/www.ancgg.org\/ad91\/adhesion-et-abonnement\/"]}]},{"@type":"BreadcrumbList","@id":"https:\/\/www.ancgg.org\/ad91\/adhesion-et-abonnement\/#breadcrumb","itemListElement":[{"@type":"ListItem","position":1,"name":"Accueil","item":"https:\/\/www.ancgg.org\/ad91\/"},{"@type":"ListItem","position":2,"name":"Adh\u00e9sion et abonnement"}]},{"@type":"WebSite","@id":"https:\/\/www.ancgg.org\/ad91\/#website","url":"https:\/\/www.ancgg.org\/ad91\/","name":"Association D\u00e9partementale des Chasseurs de Grand Gibier de l&#039;Essonne","description":"","potentialAction":[{"@type":"SearchAction","target":{"@type":"EntryPoint","urlTemplate":"https:\/\/www.ancgg.org\/ad91\/?s={search_term_string}"},"query-input":{"@type":"PropertyValueSpecification","valueRequired":true,"valueName":"search_term_string"}}],"inLanguage":"fr-FR"}]}},"_links":{"self":[{"href":"https:\/\/www.ancgg.org\/ad91\/wp-json\/wp\/v2\/pages\/93","targetHints":{"allow":["GET"]}}],"collection":[{"href":"https:\/\/www.ancgg.org\/ad91\/wp-json\/wp\/v2\/pages"}],"about":[{"href":"https:\/\/www.ancgg.org\/ad91\/wp-json\/wp\/v2\/types\/page"}],"author":[{"embeddable":true,"href":"https:\/\/www.ancgg.org\/ad91\/wp-json\/wp\/v2\/users\/62"}],"replies":[{"embeddable":true,"href":"https:\/\/www.ancgg.org\/ad91\/wp-json\/wp\/v2\/comments?post=93"}],"version-history":[{"count":20,"href":"https:\/\/www.ancgg.org\/ad91\/wp-json\/wp\/v2\/pages\/93\/revisions"}],"predecessor-version":[{"id":1804,"href":"https:\/\/www.ancgg.org\/ad91\/wp-json\/wp\/v2\/pages\/93\/revisions\/1804"}],"wp:attachment":[{"href":"https:\/\/www.ancgg.org\/ad91\/wp-json\/wp\/v2\/media?parent=93"}],"curies":[{"name":"wp","href":"https:\/\/api.w.org\/{rel}","templated":true}]}}